{"id":3916,"date":"2015-08-26T11:34:18","date_gmt":"2015-08-26T09:34:18","guid":{"rendered":"http:\/\/moratec.es\/?page_id=3916"},"modified":"2020-11-16T14:19:48","modified_gmt":"2020-11-16T12:19:48","slug":"qualitat","status":"publish","type":"page","link":"http:\/\/moratec.es\/de\/qualitat\/","title":{"rendered":"Qualit\u00e4t"},"content":{"rendered":"<div id='full_slider_1'  class='avia-fullwidth-slider main_color avia-shadow   avia-builder-el-0  el_before_av_section  avia-builder-el-first   container_wrap fullsize' style='background-repeat: repeat; background-image: url(http:\/\/moratec.es\/wp-content\/uploads\/2014\/06\/graphy1.png); background-attachment: fixed; background-position: top left;  '  ><div   data-size='no scaling'  data-lightbox_size='large'  data-animation='slide_up'  data-conditional_play=''  data-ids='3316'  data-video_counter='0'  data-autoplay='false'  data-bg_slider='false'  data-slide_height=''  data-handle='av_slideshow_full'  data-interval='5'  data-class=' image_no_stretch'  data-el_id=''  data-css_id=''  data-scroll_down=''  data-control_layout='av-control-default'  data-custom_markup=''  data-perma_caption=''  data-autoplay_stopper=''  data-image_attachment=''  data-min_height='0px'  data-lazy_loading='disabled'  data-src='http:\/\/moratec.es\/wp-content\/uploads\/2014\/06\/graphy1.png'  data-position='top left'  data-repeat='repeat'  data-attach='fixed'  data-stretch='image_no_stretch'  class='avia-slideshow avia-slideshow-1  av-control-default av-default-height-applied avia-slideshow-no scaling av_slideshow_full  image_no_stretch avia-slide_up-slider '  itemprop=\"image\" itemscope=\"itemscope\" itemtype=\"https:\/\/schema.org\/ImageObject\" ><ul class='avia-slideshow-inner ' style='padding-bottom: 41.176470588235%;' ><li  class=' av-single-slide slide-1 ' ><div data-rel='slideshow-1' class='avia-slide-wrap '   ><div class = \"caption_fullwidth av-slideshow-caption caption_left caption_left_framed caption_framed\"><div class = \"container caption_container\"><div class = \"slideshow_caption\"><div class = \"slideshow_inner_caption\"><div class = \"slideshow_align_caption\"><h2  class='avia-caption-title  '  itemprop=\"name\" >Qualit\u00e4t<\/h2><div class='avia-caption-content  '  itemprop=\"description\"  ><p>Wir verf\u00fcgen \u00fcber ein Qualit\u00e4tssicherungssystem<\/p>\n<\/div><a href='http:\/\/moratec.es\/wp-content\/uploads\/2020\/11\/CERTIFICADO2019.pdf' target=\"_blank\" rel=\"noopener noreferrer\" class='avia-slideshow-button avia-button avia-color-theme-color-subtle ' data-duration='800' data-easing='easeInOutQuad'>ZERTIFIKAT HERUNTERLADEN<\/a><\/div><\/div><\/div><\/div><\/div><img class=\"wp-image-3927 avia-img-lazy-loading-not-3927\"  src='http:\/\/moratec.es\/wp-content\/uploads\/2014\/06\/maquinaMETROLOGIA22.png' width='850' height='350' title='maquinaMETROLOGIA2' alt=''  itemprop=\"thumbnailUrl\"   \/><\/div><\/li><\/ul><\/div><\/div>\n<div id='av_section_1'  class='avia-section main_color avia-section-default avia-no-shadow  avia-bg-style-scroll  avia-builder-el-1  el_after_av_slideshow_full  el_before_av_section   container_wrap fullsize' style='background-color: #fff7f9;  '  ><div class='container' ><div class='template-page content  av-content-full alpha units'><div class='post-entry post-entry-type-page post-entry-3916'><div class='entry-content-wrapper clearfix'>\n<div class=\"flex_column av_one_half  flex_column_div first  avia-builder-el-2  el_before_av_one_half  avia-builder-el-first  \" ><p><div  style='padding-bottom:0px; ' class='av-special-heading av-special-heading-h3  blockquote modern-quote modern-centered  avia-builder-el-3  el_before_av_hr  avia-builder-el-first  '><h3 class='av-special-heading-tag '  itemprop=\"headline\"  >Die Qualit\u00e4t von unten<\/h3><div class='special-heading-border'><div class='special-heading-inner-border' ><\/div><\/div><\/div><br \/>\n<div   class='hr hr-short hr-center   avia-builder-el-4  el_after_av_heading  avia-builder-el-last '><span class='hr-inner ' ><span class='hr-inner-style'><\/span><\/span><\/div><\/p><\/div><div class=\"flex_column av_one_half  flex_column_div av-zero-column-padding   avia-builder-el-5  el_after_av_one_half  el_before_av_one_half  \" style='border-radius:0px; '><p><div  style='padding-bottom:0px; ' class='av-special-heading av-special-heading-h3  blockquote modern-quote modern-centered  avia-builder-el-6  el_before_av_hr  avia-builder-el-first  '><h3 class='av-special-heading-tag '  itemprop=\"headline\"  >Qualit\u00e4t und Messwesen<\/h3><div class='special-heading-border'><div class='special-heading-inner-border' ><\/div><\/div><\/div><br \/>\n<div   class='hr hr-short hr-center   avia-builder-el-7  el_after_av_heading  avia-builder-el-last '><span class='hr-inner ' ><span class='hr-inner-style'><\/span><\/span><\/div><\/p><\/div><div class=\"flex_column av_one_half  flex_column_div first  avia-builder-el-8  el_after_av_one_half  el_before_av_one_half  column-top-margin\" ><section class=\"av_textblock_section \"  itemscope=\"itemscope\" itemtype=\"https:\/\/schema.org\/CreativeWork\" ><div class='avia_textblock  '   itemprop=\"text\" ><p><div  style='height:1px; margin-top:-75px'  class='hr hr-invisible   avia-builder-el-10  avia-builder-el-no-sibling '><span class='hr-inner ' ><span class='hr-inner-style'><\/span><\/span><\/div> Industrias MORATEC S.L. strebt nach Anerkennung als Vorbildunternehmen im Sektor der Werkst\u00fcckbearbeitung durch die Professionalit\u00e4t seines Personals und die Zuverl\u00e4ssigkeit seiner Lieferungen.<\/p>\n<\/div><\/section><\/div><div class=\"flex_column av_one_half  flex_column_div av-zero-column-padding   avia-builder-el-11  el_after_av_one_half  avia-builder-el-last  column-top-margin\" style='border-radius:0px; '><section class=\"av_textblock_section \"  itemscope=\"itemscope\" itemtype=\"https:\/\/schema.org\/CreativeWork\" ><div class='avia_textblock  '   itemprop=\"text\" ><p><div  style='height:1px; margin-top:-75px'  class='hr hr-invisible   avia-builder-el-13  avia-builder-el-no-sibling '><span class='hr-inner ' ><span class='hr-inner-style'><\/span><\/span><\/div> Industrias MORATEC S.L. verf\u00fcgt \u00fcber ein System zur Qualit\u00e4tssicherung, das eingef\u00fchrt wurde, um unsere Kunden vollkommen zufrieden zu stellen, und das m\u00f6glichen Fehlern bei der Fertigung vorbeugt.<\/p>\n<p>Das Unternehmen verf\u00fcgt f\u00fcr seine industrielle Bearbeitungst\u00e4tigkeit \u00fcber ein nach der Norm ISO9001:2015 zertifiziertes Qualit\u00e4tssicherungssystem.<\/p>\n<\/div><\/section><\/div>\n\n<\/div><\/div><\/div><!-- close content main div --><\/div><\/div><div id='av_section_2'  class='avia-section main_color avia-section-default avia-shadow  avia-bg-style-scroll  avia-builder-el-14  el_after_av_section  avia-builder-el-last   container_wrap fullsize' style=' '  ><div class='container' ><div class='template-page content  av-content-full alpha units'><div class='post-entry post-entry-type-page post-entry-3916'><div class='entry-content-wrapper clearfix'>\n<div class=\"flex_column av_one_half  flex_column_div first  avia-builder-el-15  el_before_av_one_half  avia-builder-el-first  \" ><div  style='padding-bottom:10px; color:#000000;' class='av-special-heading av-special-heading-h4 custom-color-heading   avia-builder-el-16  avia-builder-el-no-sibling  '><h4 class='av-special-heading-tag '  itemprop=\"headline\"  >Der Qualit\u00e4tsanspruch ist eine einhellige Verpflichtung, die das gesamte Personal von Industrias MORATEC S.L. eingegangen ist; hierf\u00fcr sind eine Reihe von Leitlinien zu erf\u00fcllen, die hohe Qualit\u00e4tsstandards gew\u00e4hrleisten:<\/h4><div class='special-heading-border'><div class='special-heading-inner-border' style='border-color:#000000'><\/div><\/div><\/div><\/div><div class=\"flex_column av_one_half  flex_column_div av-zero-column-padding   avia-builder-el-17  el_after_av_one_half  avia-builder-el-last  \" style='border-radius:0px; '><div  class='avia-icon-list-container   avia-builder-el-18  avia-builder-el-no-sibling '><ul class='avia-icon-list avia-icon-list-left av-iconlist-big avia_animate_when_almost_visible avia-iconlist-animate'>\n<li><div  class='iconlist_icon  avia-font-entypo-fontello'><span class='iconlist-char ' aria-hidden='true' data-av_icon='\ue80c' data-av_iconfont='entypo-fontello'><\/span><\/div><article class=\"article-icon-entry \"  itemscope=\"itemscope\" itemtype=\"https:\/\/schema.org\/CreativeWork\" ><div class='iconlist_content_wrap'><header class=\"entry-content-header\"><h4 class='av_iconlist_title iconlist_title   '  itemprop=\"headline\"  >Zielsetzung<\/h4><\/header><div class='iconlist_content  '  itemprop=\"text\"  ><p class=\"p1\">Das Ziel besteht in der Kundenzufriedenheit und der besseren Erf\u00fcllung der Kundenerwartungen.<\/p>\n<\/div><\/div><footer class=\"entry-footer\"><\/footer><\/article><div class='iconlist-timeline'><\/div><\/li>\n<li><div  class='iconlist_icon  avia-font-entypo-fontello'><span class='iconlist-char ' aria-hidden='true' data-av_icon='\ue82b' data-av_iconfont='entypo-fontello'><\/span><\/div><article class=\"article-icon-entry \"  itemscope=\"itemscope\" itemtype=\"https:\/\/schema.org\/CreativeWork\" ><div class='iconlist_content_wrap'><header class=\"entry-content-header\"><h4 class='av_iconlist_title iconlist_title   '  itemprop=\"headline\"  >Endprodukt<\/h4><\/header><div class='iconlist_content  '  itemprop=\"text\"  ><p class=\"p1\">Zur Verbesserung der Endfertigungen des Kunden in Sachen Effektivit\u00e4t und Design beitragen.<\/p>\n<\/div><\/div><footer class=\"entry-footer\"><\/footer><\/article><div class='iconlist-timeline'><\/div><\/li>\n<li><div  class='iconlist_icon  avia-font-entypo-fontello'><span class='iconlist-char ' aria-hidden='true' data-av_icon='\ue806' data-av_iconfont='entypo-fontello'><\/span><\/div><article class=\"article-icon-entry \"  itemscope=\"itemscope\" itemtype=\"https:\/\/schema.org\/CreativeWork\" ><div class='iconlist_content_wrap'><header class=\"entry-content-header\"><h4 class='av_iconlist_title iconlist_title   '  itemprop=\"headline\"  >Menschliche werte<\/h4><\/header><div class='iconlist_content  '  itemprop=\"text\"  ><p>Erreichen eines hohen internen Effizienzgrades, was f\u00fcr unsere Kunden einen besseren Service und die Schaffung von Mehrwert mit sich bringt.<\/p>\n<\/div><\/div><footer class=\"entry-footer\"><\/footer><\/article><div class='iconlist-timeline'><\/div><\/li>\n<\/ul><\/div><\/div>\n\n","protected":false},"excerpt":{"rendered":"","protected":false},"author":2,"featured_media":0,"parent":0,"menu_order":0,"comment_status":"open","ping_status":"closed","template":"","meta":[],"yoast_head":"<!-- This site is optimized with the Yoast SEO plugin v15.3 - https:\/\/yoast.com\/wordpress\/plugins\/seo\/ -->\n<title>Qualit\u00e4t - Moratec<\/title>\n<meta name=\"description\" content=\"Das Unternehmen verf\u00fcgt f\u00fcr seine industrielle Bearbeitungst\u00e4tigkeit \u00fcber ein nach der Norm ISO9001:2008 zertifiziertes Qualit\u00e4tssicherungssystem.\" \/>\n<meta name=\"robots\" content=\"index, follow, max-snippet:-1, max-image-preview:large, max-video-preview:-1\" \/>\n<link rel=\"canonical\" href=\"http:\/\/moratec.es\/de\/qualitat\/\" \/>\n<meta property=\"og:locale\" content=\"de_DE\" \/>\n<meta property=\"og:type\" content=\"article\" \/>\n<meta property=\"og:title\" content=\"Qualit\u00e4t - Moratec\" \/>\n<meta property=\"og:description\" content=\"Das Unternehmen verf\u00fcgt f\u00fcr seine industrielle Bearbeitungst\u00e4tigkeit \u00fcber ein nach der Norm ISO9001:2008 zertifiziertes Qualit\u00e4tssicherungssystem.\" \/>\n<meta property=\"og:url\" content=\"http:\/\/moratec.es\/de\/qualitat\/\" \/>\n<meta property=\"og:site_name\" content=\"Moratec\" \/>\n<meta property=\"article:modified_time\" content=\"2020-11-16T12:19:48+00:00\" \/>\n<meta name=\"twitter:label1\" content=\"Verfasst von\">\n\t<meta name=\"twitter:data1\" content=\"moratec2\">\n\t<meta name=\"twitter:label2\" content=\"Gesch\u00e4tzte Lesezeit\">\n\t<meta name=\"twitter:data2\" content=\"3\u00a0Minuten\">\n<script type=\"application\/ld+json\" class=\"yoast-schema-graph\">{\"@context\":\"https:\/\/schema.org\",\"@graph\":[{\"@type\":\"WebSite\",\"@id\":\"http:\/\/moratec.es\/fr\/#website\",\"url\":\"http:\/\/moratec.es\/fr\/\",\"name\":\"Moratec\",\"description\":\"Industrias MORATEC S.L. es una empresa dedicada a la fabricaci\\u00f3n y mecanizaci\\u00f3n bajo plano de todo tipo de piezas.\",\"potentialAction\":[{\"@type\":\"SearchAction\",\"target\":\"http:\/\/moratec.es\/fr\/?s={search_term_string}\",\"query-input\":\"required name=search_term_string\"}],\"inLanguage\":\"de\"},{\"@type\":\"WebPage\",\"@id\":\"http:\/\/moratec.es\/de\/qualitat\/#webpage\",\"url\":\"http:\/\/moratec.es\/de\/qualitat\/\",\"name\":\"Qualit\\u00e4t - Moratec\",\"isPartOf\":{\"@id\":\"http:\/\/moratec.es\/fr\/#website\"},\"datePublished\":\"2015-08-26T09:34:18+00:00\",\"dateModified\":\"2020-11-16T12:19:48+00:00\",\"description\":\"Das Unternehmen verf\\u00fcgt f\\u00fcr seine industrielle Bearbeitungst\\u00e4tigkeit \\u00fcber ein nach der Norm ISO9001:2008 zertifiziertes Qualit\\u00e4tssicherungssystem.\",\"inLanguage\":\"de\",\"potentialAction\":[{\"@type\":\"ReadAction\",\"target\":[\"http:\/\/moratec.es\/de\/qualitat\/\"]}]}]}<\/script>\n<!-- \/ Yoast SEO plugin. -->","_links":{"self":[{"href":"http:\/\/moratec.es\/de\/wp-json\/wp\/v2\/pages\/3916"}],"collection":[{"href":"http:\/\/moratec.es\/de\/wp-json\/wp\/v2\/pages"}],"about":[{"href":"http:\/\/moratec.es\/de\/wp-json\/wp\/v2\/types\/page"}],"author":[{"embeddable":true,"href":"http:\/\/moratec.es\/de\/wp-json\/wp\/v2\/users\/2"}],"replies":[{"embeddable":true,"href":"http:\/\/moratec.es\/de\/wp-json\/wp\/v2\/comments?post=3916"}],"version-history":[{"count":4,"href":"http:\/\/moratec.es\/de\/wp-json\/wp\/v2\/pages\/3916\/revisions"}],"predecessor-version":[{"id":4164,"href":"http:\/\/moratec.es\/de\/wp-json\/wp\/v2\/pages\/3916\/revisions\/4164"}],"wp:attachment":[{"href":"http:\/\/moratec.es\/de\/wp-json\/wp\/v2\/media?parent=3916"}],"curies":[{"name":"wp","href":"https:\/\/api.w.org\/{rel}","templated":true}]}}