{"id":3930,"date":"2015-08-26T11:51:42","date_gmt":"2015-08-26T09:51:42","guid":{"rendered":"http:\/\/moratec.es\/?page_id=3930"},"modified":"2015-08-27T09:54:21","modified_gmt":"2015-08-27T07:54:21","slug":"unternehmen","status":"publish","type":"page","link":"http:\/\/moratec.es\/de\/unternehmen\/","title":{"rendered":"Unternehmen"},"content":{"rendered":"<div id='full_slider_1'  class='avia-fullwidth-slider main_color avia-shadow   avia-builder-el-0  el_before_av_one_half  avia-builder-el-first   container_wrap fullsize' style=' '  ><div   data-size='no scaling'  data-lightbox_size='large'  data-animation='slide'  data-conditional_play=''  data-ids='3237'  data-video_counter='0'  data-autoplay='false'  data-bg_slider='false'  data-slide_height=''  data-handle='av_slideshow_full'  data-interval='5'  data-class=' '  data-el_id=''  data-css_id=''  data-scroll_down=''  data-control_layout='av-control-default'  data-custom_markup=''  data-perma_caption=''  data-autoplay_stopper=''  data-image_attachment=''  data-min_height='0px'  data-lazy_loading='disabled'  data-src=''  data-position='top left'  data-repeat='no-repeat'  data-attach='scroll'  data-stretch=''  class='avia-slideshow avia-slideshow-1  av-control-default av-default-height-applied avia-slideshow-no scaling av_slideshow_full   avia-slide-slider '  itemprop=\"image\" itemscope=\"itemscope\" itemtype=\"https:\/\/schema.org\/ImageObject\" ><ul class='avia-slideshow-inner ' style='padding-bottom: 19.444444444444%;' ><li  class=' av-single-slide slide-1 ' ><div data-rel='slideshow-1' class='avia-slide-wrap '   ><div class = \"caption_fullwidth av-slideshow-caption caption_left caption_left_framed caption_framed\"><div class = \"container caption_container\"><div class = \"slideshow_caption\"><div class = \"slideshow_inner_caption\"><div class = \"slideshow_align_caption\"><h2  class='avia-caption-title  '  itemprop=\"name\" >Unternehmen<\/h2><div class='avia-caption-content  '  itemprop=\"description\"  ><p>Fachunternehmen f\u00fcr die Bearbeitung aller Arten von Teilen nach Plan, ein in der Metallbranche in Navarra t\u00e4tiges Dienstleistungsunternehmen.<\/p>\n<\/div><\/div><\/div><\/div><\/div><\/div><img class=\"wp-image-3933 avia-img-lazy-loading-not-3933\"  src='http:\/\/moratec.es\/wp-content\/uploads\/2014\/06\/fachada1.jpg' width='1800' height='350' title='fachada' alt=''  itemprop=\"thumbnailUrl\"   \/><\/div><\/li><\/ul><\/div><\/div><div id='after_full_slider_1'  class='main_color av_default_container_wrap container_wrap fullsize' style=' '  ><div class='container' ><div class='template-page content  av-content-full alpha units'><div class='post-entry post-entry-type-page post-entry-3930'><div class='entry-content-wrapper clearfix'>\n<div class=\"flex_column av_one_half  flex_column_div first  avia-builder-el-1  el_after_av_slideshow_full  el_before_av_one_half  avia-builder-el-first  \" ><p><div  style='height:1px; margin-top:-32px'  class='hr hr-invisible   avia-builder-el-2  el_before_av_heading  avia-builder-el-first '><span class='hr-inner ' ><span class='hr-inner-style'><\/span><\/span><\/div><br \/>\n<div  style='padding-bottom:10px; color:#969696;' class='av-special-heading av-special-heading-h4 custom-color-heading blockquote modern-quote  avia-builder-el-3  el_after_av_hr  el_before_av_hr  '><h4 class='av-special-heading-tag '  itemprop=\"headline\"  >Industrias Moratec S.L. entstand als Nachfolgerin des 1999 gegr\u00fcndeten Unternehmens Mecanizados Arpe S.L. Das Unternehmen hat umfangreiche Erfahrung in Sektoren mit hohen Anforderungen wie Windkraft, Sanit\u00e4ranlagen, Automobilindustrie, Hebezeuge\u2026<\/h4><div class='special-heading-border'><div class='special-heading-inner-border' style='border-color:#969696'><\/div><\/div><\/div><br \/>\n<div   class='hr hr-short hr-left   avia-builder-el-4  el_after_av_heading  avia-builder-el-last '><span class='hr-inner ' ><span class='hr-inner-style'><\/span><\/span><\/div><\/p><\/div><div class=\"flex_column av_one_half  flex_column_div av-zero-column-padding   avia-builder-el-5  el_after_av_one_half  avia-builder-el-last  \" style='border-radius:0px; '><section class=\"av_textblock_section \"  itemscope=\"itemscope\" itemtype=\"https:\/\/schema.org\/CreativeWork\" ><div class='avia_textblock  '   itemprop=\"text\" ><p>Das Unternehmen verf\u00fcgt \u00fcber Anlagen mit 1.300 m\u00b2, die speziell ausger\u00fcstet sind, um jeden Produktionsbedarf an mechanisch zu bearbeitenden Teilen von hoher Qualit\u00e4t f\u00fcr eine Vielzahl an Sektoren abzudecken: Windkraft, Werkzeugmaschinen, Automobilsektor, Kranbr\u00fccken, Baukr\u00e4ne, Zylinder, Rohrbiegemaschinen, Gabelstapler, Sanit\u00e4ranlagen\u2026Industrias Moratec S.L. kann f\u00fcr die Durchf\u00fchrung der mechanischen Bearbeitung auf ein enorm erfahrenes und vielseitiges Personal zur\u00fcckgreifen. Es werden ebenfalls unterst\u00fctzende Schwei\u00df-, Biege- und Schneidarbeiten durchgef\u00fchrt.<\/p>\n<\/div><\/section><\/div><\/p>\n","protected":false},"excerpt":{"rendered":"","protected":false},"author":2,"featured_media":0,"parent":0,"menu_order":0,"comment_status":"open","ping_status":"open","template":"","meta":[],"yoast_head":"<!-- This site is optimized with the Yoast SEO plugin v15.3 - https:\/\/yoast.com\/wordpress\/plugins\/seo\/ -->\n<title>Unternehmen - Moratec<\/title>\n<meta name=\"description\" content=\"Fachunternehmen f\u00fcr die Bearbeitung aller Arten von Teilen nach Plan, ein in der Metallbranche in Navarra t\u00e4tiges Dienstleistungsunternehmen.\" \/>\n<meta name=\"robots\" content=\"index, follow, max-snippet:-1, max-image-preview:large, max-video-preview:-1\" \/>\n<link rel=\"canonical\" href=\"http:\/\/moratec.es\/de\/unternehmen\/\" \/>\n<meta property=\"og:locale\" content=\"de_DE\" \/>\n<meta property=\"og:type\" content=\"article\" \/>\n<meta property=\"og:title\" content=\"Unternehmen - Moratec\" \/>\n<meta property=\"og:description\" content=\"Fachunternehmen f\u00fcr die Bearbeitung aller Arten von Teilen nach Plan, ein in der Metallbranche in Navarra t\u00e4tiges Dienstleistungsunternehmen.\" \/>\n<meta property=\"og:url\" content=\"http:\/\/moratec.es\/de\/unternehmen\/\" \/>\n<meta property=\"og:site_name\" content=\"Moratec\" \/>\n<meta property=\"article:modified_time\" content=\"2015-08-27T07:54:21+00:00\" \/>\n<meta name=\"twitter:label1\" content=\"Verfasst von\">\n\t<meta name=\"twitter:data1\" content=\"moratec2\">\n\t<meta name=\"twitter:label2\" content=\"Gesch\u00e4tzte Lesezeit\">\n\t<meta name=\"twitter:data2\" content=\"2\u00a0Minuten\">\n<script type=\"application\/ld+json\" class=\"yoast-schema-graph\">{\"@context\":\"https:\/\/schema.org\",\"@graph\":[{\"@type\":\"WebSite\",\"@id\":\"http:\/\/moratec.es\/fr\/#website\",\"url\":\"http:\/\/moratec.es\/fr\/\",\"name\":\"Moratec\",\"description\":\"Industrias MORATEC S.L. es una empresa dedicada a la fabricaci\\u00f3n y mecanizaci\\u00f3n bajo plano de todo tipo de piezas.\",\"potentialAction\":[{\"@type\":\"SearchAction\",\"target\":\"http:\/\/moratec.es\/fr\/?s={search_term_string}\",\"query-input\":\"required name=search_term_string\"}],\"inLanguage\":\"de\"},{\"@type\":\"WebPage\",\"@id\":\"http:\/\/moratec.es\/de\/unternehmen\/#webpage\",\"url\":\"http:\/\/moratec.es\/de\/unternehmen\/\",\"name\":\"Unternehmen - Moratec\",\"isPartOf\":{\"@id\":\"http:\/\/moratec.es\/fr\/#website\"},\"datePublished\":\"2015-08-26T09:51:42+00:00\",\"dateModified\":\"2015-08-27T07:54:21+00:00\",\"description\":\"Fachunternehmen f\\u00fcr die Bearbeitung aller Arten von Teilen nach Plan, ein in der Metallbranche in Navarra t\\u00e4tiges Dienstleistungsunternehmen.\",\"inLanguage\":\"de\",\"potentialAction\":[{\"@type\":\"ReadAction\",\"target\":[\"http:\/\/moratec.es\/de\/unternehmen\/\"]}]}]}<\/script>\n<!-- \/ Yoast SEO plugin. -->","_links":{"self":[{"href":"http:\/\/moratec.es\/de\/wp-json\/wp\/v2\/pages\/3930"}],"collection":[{"href":"http:\/\/moratec.es\/de\/wp-json\/wp\/v2\/pages"}],"about":[{"href":"http:\/\/moratec.es\/de\/wp-json\/wp\/v2\/types\/page"}],"author":[{"embeddable":true,"href":"http:\/\/moratec.es\/de\/wp-json\/wp\/v2\/users\/2"}],"replies":[{"embeddable":true,"href":"http:\/\/moratec.es\/de\/wp-json\/wp\/v2\/comments?post=3930"}],"version-history":[{"count":2,"href":"http:\/\/moratec.es\/de\/wp-json\/wp\/v2\/pages\/3930\/revisions"}],"predecessor-version":[{"id":3978,"href":"http:\/\/moratec.es\/de\/wp-json\/wp\/v2\/pages\/3930\/revisions\/3978"}],"wp:attachment":[{"href":"http:\/\/moratec.es\/de\/wp-json\/wp\/v2\/media?parent=3930"}],"curies":[{"name":"wp","href":"https:\/\/api.w.org\/{rel}","templated":true}]}}