{"id":3934,"date":"2015-08-26T11:28:17","date_gmt":"2015-08-26T09:28:17","guid":{"rendered":"http:\/\/moratec.es\/?page_id=3934"},"modified":"2020-11-16T14:36:33","modified_gmt":"2020-11-16T12:36:33","slug":"startseite","status":"publish","type":"page","link":"http:\/\/moratec.es\/de\/","title":{"rendered":"Startseite"},"content":{"rendered":"<div class=\"flex_column av_one_full  flex_column_div first  avia-builder-el-0  el_before_av_section  avia-builder-el-no-sibling  \" ><div   data-size='entry_without_sidebar'  data-lightbox_size='large'  data-animation='slide'  data-conditional_play=''  data-ids='3866,3869,3234'  data-video_counter='0'  data-autoplay='false'  data-bg_slider='false'  data-slide_height=''  data-handle='av_slideshow'  data-interval='5'  data-class=' avia-builder-el-1  avia-builder-el-no-sibling  '  data-el_id=''  data-css_id=''  data-scroll_down=''  data-control_layout=''  data-custom_markup=''  data-perma_caption=''  data-autoplay_stopper=''  data-image_attachment=''  data-min_height='0px'  data-lazy_loading='disabled'  data-default-height='34.95867768595'  class='avia-slideshow avia-slideshow-1  av-default-height-applied avia-slideshow-entry_without_sidebar av_slideshow  avia-builder-el-1  avia-builder-el-no-sibling   avia-slide-slider '  itemprop=\"image\" itemscope=\"itemscope\" itemtype=\"https:\/\/schema.org\/ImageObject\" ><ul class='avia-slideshow-inner ' style='padding-bottom: 24.793388429752%;' ><li  class=' slide-1 ' ><div data-rel='slideshow-1' class='avia-slide-wrap '   ><img class=\"wp-image-3971 avia-img-lazy-loading-not-3971\"  src='http:\/\/moratec.es\/wp-content\/uploads\/2014\/07\/FONDO1-1210x300.jpg' width='1210' height='300' title='FONDO1' alt=''  itemprop=\"thumbnailUrl\"   \/><\/div><\/li><li  class=' slide-2 ' ><div data-rel='slideshow-1' class='avia-slide-wrap '   ><img class=\"wp-image-3972 avia-img-lazy-loading-not-3972\"  src='http:\/\/moratec.es\/wp-content\/uploads\/2014\/07\/FONDO3-1210x300.jpg' width='1210' height='300' title='FONDO3' alt=''  itemprop=\"thumbnailUrl\"   \/><\/div><\/li><li  class=' slide-3 ' ><div data-rel='slideshow-1' class='avia-slide-wrap '   ><img class=\"wp-image-3943 avia-img-lazy-loading-not-3943\"  src='http:\/\/moratec.es\/wp-content\/uploads\/2014\/06\/FONDO41-1210x300.jpg' width='1210' height='300' title='FONDO4' alt=''  itemprop=\"thumbnailUrl\"   \/><\/div><\/li><\/ul><div class='avia-slideshow-arrows avia-slideshow-controls'><a href='#prev' class='prev-slide' aria-hidden='true' data-av_icon='\ue87c' data-av_iconfont='entypo-fontello'>Zur\u00fcck<\/a><a href='#next' class='next-slide' aria-hidden='true' data-av_icon='\ue87d' data-av_iconfont='entypo-fontello'>Weiter<\/a><\/div><div class='avia-slideshow-dots avia-slideshow-controls'><a href='#1' class='goto-slide active' >1<\/a><a href='#2' class='goto-slide ' >2<\/a><a href='#3' class='goto-slide ' >3<\/a><\/div><\/div><\/div>\n<\/div><\/div><\/div><!-- close content main div --><\/div><\/div><div id='av_section_1'  class='avia-section main_color avia-section-default avia-no-shadow  avia-bg-style-scroll  avia-builder-el-2  el_after_av_one_full  el_before_av_one_third   container_wrap fullsize' style='background-color: #ffffff;  '  ><div class='container' ><div class='template-page content  av-content-full alpha units'><div class='post-entry post-entry-type-page post-entry-3934'><div class='entry-content-wrapper clearfix'>\n<div class=\"flex_column av_one_fifth  flex_column_div first  avia-builder-el-3  el_before_av_three_fifth  avia-builder-el-first  \" ><\/div><div class=\"flex_column av_three_fifth  flex_column_div av-zero-column-padding   avia-builder-el-4  el_after_av_one_fifth  el_before_av_one_fifth  \" style='border-radius:0px; '><div  style='padding-bottom:15px; color:#939393;font-size:31px;' class='av-special-heading av-special-heading-h3 custom-color-heading blockquote modern-quote modern-centered  avia-builder-el-5  avia-builder-el-no-sibling  av-inherit-size '><h3 class='av-special-heading-tag '  itemprop=\"headline\"  >Industrias MORATEC S.L. ist ein Fachunternehmen, das auf die Fertigung und Bearbeitung aller Arten von Werkst\u00fccken nach Plan spezialisiert ist.<\/h3><div class ='av-subheading av-subheading_below av_custom_color ' style='font-size:19px;'><p>MORATEC stellt die Qualit\u00e4t und Pr\u00e4zision beim Endprodukt sicher, wobei es sich nach den vom Kunden geforderten Fristen richtet und den gesamten Fertigungs- bzw. Bearbeitungsprozess in ganzheitlicher Weise kontrolliert.<\/p>\n<\/div><div class='special-heading-border'><div class='special-heading-inner-border' style='border-color:#939393'><\/div><\/div><\/div><\/div><div class=\"flex_column av_one_fifth  flex_column_div av-zero-column-padding   avia-builder-el-6  el_after_av_three_fifth  el_before_av_hr  \" style='border-radius:0px; '><\/div><div   class='hr hr-short hr-center   avia-builder-el-7  el_after_av_one_fifth  el_before_av_one_full '><span class='hr-inner ' ><span class='hr-inner-style'><\/span><\/span><\/div>\n<div class=\"flex_column av_one_full  flex_column_div first  avia-builder-el-8  el_after_av_hr  avia-builder-el-last  \" ><\/div>\n<\/div><\/div><\/div><!-- close content main div --><\/div><\/div><div id='after_section_1'  class='main_color av_default_container_wrap container_wrap fullsize' style=' '  ><div class='container' ><div class='template-page content  av-content-full alpha units'><div class='post-entry post-entry-type-page post-entry-3934'><div class='entry-content-wrapper clearfix'>\n<div class=\"flex_column av_one_third  flex_column_div first  avia-builder-el-9  el_after_av_section  el_before_av_one_third  avia-builder-el-first  \" ><article  class=\"iconbox iconbox_top main_color    avia-builder-el-10  avia-builder-el-no-sibling  \"  itemscope=\"itemscope\" itemtype=\"https:\/\/schema.org\/CreativeWork\" ><div class=\"iconbox_content\"><header class=\"entry-content-header\"><div class=\"iconbox_icon heading-color\" aria-hidden='true' data-av_icon='\ue857' data-av_iconfont='entypo-fontello'  ><\/div><h3 class='iconbox_content_title  '  itemprop=\"headline\"  >Leistungen: entwurf, prototyping, fertigung und umfassende verwaltung<\/h3><\/header><div class='iconbox_content_container  '  itemprop=\"text\"  ><ul>\n<li style=\"text-align: left;\">Kleinserienbearbeitung<\/li>\n<li style=\"text-align: left;\">Erstellung von Prototypen<\/li>\n<li style=\"text-align: left;\">Realisierung und Montage kleiner Baugruppen<\/li>\n<li style=\"text-align: left;\">Realisierung mechanischer geschwei\u00dfter Baugruppen<\/li>\n<li style=\"text-align: left;\">Schwei\u00dfarbeiten f\u00fcr jeden Werkstoff<\/li>\n<li style=\"text-align: left;\">Biegearbeiten<\/li>\n<li style=\"text-align: left;\">Schneidarbeiten<\/li>\n<\/ul>\n<\/div><\/div><footer class=\"entry-footer\"><\/footer><\/article><\/div>\n<div class=\"flex_column av_one_third  flex_column_div av-zero-column-padding   avia-builder-el-11  el_after_av_one_third  el_before_av_one_third  \" style='border-radius:0px; '><article  class=\"iconbox iconbox_top main_color    avia-builder-el-12  avia-builder-el-no-sibling  \"  itemscope=\"itemscope\" itemtype=\"https:\/\/schema.org\/CreativeWork\" ><div class=\"iconbox_content\"><header class=\"entry-content-header\"><div class=\"iconbox_icon heading-color\" aria-hidden='true' data-av_icon='\ue855' data-av_iconfont='entypo-fontello'  ><\/div><h3 class='iconbox_content_title  '  itemprop=\"headline\"  >F\u00fcr mechanische bearbeitung verf\u00fcgbare werkstoffe<\/h3><\/header><div class='iconbox_content_container  '  itemprop=\"text\"  ><ul>\n<li style=\"text-align: left;\">Kohlenstoffst\u00e4hle<\/li>\n<li style=\"text-align: left;\">Legierte St\u00e4hle<\/li>\n<li style=\"text-align: left;\">Gussstahl<\/li>\n<li style=\"text-align: left;\">Aluminium<\/li>\n<li style=\"text-align: left;\">Bronze<\/li>\n<li style=\"text-align: left;\">Nylon<\/li>\n<\/ul>\n<\/div><\/div><footer class=\"entry-footer\"><\/footer><\/article><\/div>\n<div class=\"flex_column av_one_third  flex_column_div av-zero-column-padding   avia-builder-el-13  el_after_av_one_third  avia-builder-el-last  \" style='border-radius:0px; '><article  class=\"iconbox iconbox_top main_color    avia-builder-el-14  avia-builder-el-no-sibling  \"  itemscope=\"itemscope\" itemtype=\"https:\/\/schema.org\/CreativeWork\" ><div class=\"iconbox_content\"><header class=\"entry-content-header\"><div class=\"iconbox_icon heading-color\" aria-hidden='true' data-av_icon='\ue82d' data-av_iconfont='entypo-fontello'  ><\/div><h3 class='iconbox_content_title  '  itemprop=\"headline\"  >Qualit\u00e4tszertifiziert<\/h3><\/header><div class='iconbox_content_container  '  itemprop=\"text\"  ><p style=\"text-align: left;\">Das Unternehmen verf\u00fcgt f\u00fcr seine industrielle Bearbeitungst\u00e4tigkeit \u00fcber ein nach der Norm ISO9001:2015 zertifiziertes Qualit\u00e4tssicherungssystem.<\/p>\n<p style=\"text-align: left;\"><a title=\"Descargar certificado ISO\" href=\"http:\/\/moratec.es\/wp-content\/uploads\/2020\/11\/CERTIFICADO2019.pdf\" target=\"_blank\" rel=\"noopener noreferrer\">Falls gew\u00fcnscht, k\u00f6nnen Sie hier unser ISO-Qualit\u00e4tszertifikat herunterladen.<\/a><\/p>\n<\/div><\/div><footer class=\"entry-footer\"><\/footer><\/article><\/div>\n","protected":false},"excerpt":{"rendered":"","protected":false},"author":2,"featured_media":0,"parent":0,"menu_order":0,"comment_status":"open","ping_status":"open","template":"","meta":[],"yoast_head":"<!-- This site is optimized with the Yoast SEO plugin v15.3 - https:\/\/yoast.com\/wordpress\/plugins\/seo\/ -->\n<title>Startseite - Moratec<\/title>\n<meta name=\"description\" content=\"Mechanische Bearbeitungen. Industrie. Mechanische Pr\u00e4zisionsbearbeitung. Automatendrehen. Bearbeitung nach Plan\" \/>\n<meta name=\"robots\" content=\"index, follow, max-snippet:-1, max-image-preview:large, max-video-preview:-1\" \/>\n<link rel=\"canonical\" href=\"http:\/\/moratec.es\/de\/\" \/>\n<meta property=\"og:locale\" content=\"de_DE\" \/>\n<meta property=\"og:type\" content=\"article\" \/>\n<meta property=\"og:title\" content=\"Startseite - Moratec\" \/>\n<meta property=\"og:description\" content=\"Mechanische Bearbeitungen. Industrie. Mechanische Pr\u00e4zisionsbearbeitung. Automatendrehen. Bearbeitung nach Plan\" \/>\n<meta property=\"og:url\" content=\"http:\/\/moratec.es\/de\/\" \/>\n<meta property=\"og:site_name\" content=\"Moratec\" \/>\n<meta property=\"article:modified_time\" content=\"2020-11-16T12:36:33+00:00\" \/>\n<meta name=\"twitter:label1\" content=\"Verfasst von\">\n\t<meta name=\"twitter:data1\" content=\"moratec2\">\n\t<meta name=\"twitter:label2\" content=\"Gesch\u00e4tzte Lesezeit\">\n\t<meta name=\"twitter:data2\" content=\"3\u00a0Minuten\">\n<script type=\"application\/ld+json\" class=\"yoast-schema-graph\">{\"@context\":\"https:\/\/schema.org\",\"@graph\":[{\"@type\":\"WebSite\",\"@id\":\"http:\/\/moratec.es\/fr\/#website\",\"url\":\"http:\/\/moratec.es\/fr\/\",\"name\":\"Moratec\",\"description\":\"Industrias MORATEC S.L. es una empresa dedicada a la fabricaci\\u00f3n y mecanizaci\\u00f3n bajo plano de todo tipo de piezas.\",\"potentialAction\":[{\"@type\":\"SearchAction\",\"target\":\"http:\/\/moratec.es\/fr\/?s={search_term_string}\",\"query-input\":\"required name=search_term_string\"}],\"inLanguage\":\"de\"},{\"@type\":\"WebPage\",\"@id\":\"http:\/\/moratec.es\/de\/#webpage\",\"url\":\"http:\/\/moratec.es\/de\/\",\"name\":\"Startseite - Moratec\",\"isPartOf\":{\"@id\":\"http:\/\/moratec.es\/fr\/#website\"},\"datePublished\":\"2015-08-26T09:28:17+00:00\",\"dateModified\":\"2020-11-16T12:36:33+00:00\",\"description\":\"Mechanische Bearbeitungen. Industrie. Mechanische Pr\\u00e4zisionsbearbeitung. Automatendrehen. Bearbeitung nach Plan\",\"inLanguage\":\"de\",\"potentialAction\":[{\"@type\":\"ReadAction\",\"target\":[\"http:\/\/moratec.es\/de\/\"]}]}]}<\/script>\n<!-- \/ Yoast SEO plugin. -->","_links":{"self":[{"href":"http:\/\/moratec.es\/de\/wp-json\/wp\/v2\/pages\/3934"}],"collection":[{"href":"http:\/\/moratec.es\/de\/wp-json\/wp\/v2\/pages"}],"about":[{"href":"http:\/\/moratec.es\/de\/wp-json\/wp\/v2\/types\/page"}],"author":[{"embeddable":true,"href":"http:\/\/moratec.es\/de\/wp-json\/wp\/v2\/users\/2"}],"replies":[{"embeddable":true,"href":"http:\/\/moratec.es\/de\/wp-json\/wp\/v2\/comments?post=3934"}],"version-history":[{"count":5,"href":"http:\/\/moratec.es\/de\/wp-json\/wp\/v2\/pages\/3934\/revisions"}],"predecessor-version":[{"id":4168,"href":"http:\/\/moratec.es\/de\/wp-json\/wp\/v2\/pages\/3934\/revisions\/4168"}],"wp:attachment":[{"href":"http:\/\/moratec.es\/de\/wp-json\/wp\/v2\/media?parent=3934"}],"curies":[{"name":"wp","href":"https:\/\/api.w.org\/{rel}","templated":true}]}}