{"id":3946,"date":"2015-08-26T11:58:26","date_gmt":"2015-08-26T09:58:26","guid":{"rendered":"http:\/\/moratec.es\/?page_id=3946"},"modified":"2015-09-01T09:45:43","modified_gmt":"2015-09-01T07:45:43","slug":"produktionsmittel","status":"publish","type":"page","link":"http:\/\/moratec.es\/de\/produktionsmittel\/","title":{"rendered":"Produktionsmittel"},"content":{"rendered":"<div class=\"flex_column av_one_fifth  flex_column_div first  avia-builder-el-0  el_before_av_three_fifth  avia-builder-el-first  \" ><\/div>\n<div class=\"flex_column av_three_fifth  flex_column_div av-zero-column-padding   avia-builder-el-1  el_after_av_one_fifth  el_before_av_one_fifth  \" style='border-radius:0px; '><div  style='padding-bottom:10px; color:#939393;font-size:31px;' class='av-special-heading av-special-heading-h2 custom-color-heading blockquote modern-quote modern-centered  avia-builder-el-2  avia-builder-el-no-sibling  av-inherit-size '><h2 class='av-special-heading-tag '  itemprop=\"headline\"  >Unsere Maschinen<\/h2><div class ='av-subheading av-subheading_below av_custom_color ' style='font-size:19px;'><p>Der Maschinenpark von Industrias MORATEC S.L. wird fortlaufend erneuert. Nachfolgend eine Auflistung der Maschinen, die das Unternehmen besitzt:(ABMESSUNGEN UND MAXIMALE KAPAZIT\u00c4TEN)<\/p>\n<\/div><div class='special-heading-border'><div class='special-heading-inner-border' style='border-color:#939393'><\/div><\/div><\/div><\/div><div class=\"flex_column av_one_fifth  flex_column_div av-zero-column-padding   avia-builder-el-3  el_after_av_three_fifth  el_before_av_hr  \" style='border-radius:0px; '><\/div><\/p>\n<div   class='hr hr-short hr-center   avia-builder-el-4  el_after_av_one_fifth  el_before_av_gallery '><span class='hr-inner ' ><span class='hr-inner-style'><\/span><\/span><\/div>\n<div  class='avia-gallery  avia-gallery-1 avia_lazyload avia-gallery-animate avia_animate_when_visible  avia-builder-el-5  el_after_av_hr  el_before_av_section  avia-builder-el-last '  itemprop=\"image\" itemscope=\"itemscope\" itemtype=\"https:\/\/schema.org\/ImageObject\" ><div class='avia-gallery-thumb'> <a href='http:\/\/moratec.es\/wp-content\/uploads\/2014\/07\/alcera.jpg' data-rel='gallery-1' data-prev-img='http:\/\/moratec.es\/wp-content\/uploads\/2014\/07\/alcera.jpg' class='first_thumb lightbox ' data-onclick='1' title='Fr\u00e4smaschine Alcera mit 360\u00b0-Drehtisch und Front-Schwenkkopf, mit Kapazit\u00e4t 1200*800*700 mm'  itemprop=\"thumbnailUrl\"  ><img class=\"wp-image-3962 avia-img-lazy-loading-not-3962\"  data-avia-tooltip='Fr\u00e4smaschine Alcera mit 360\u00b0-Drehtisch und Front-Schwenkkopf, mit Kapazit\u00e4t 1200*800*700 mm' src='http:\/\/moratec.es\/wp-content\/uploads\/2014\/07\/alcera.jpg' width='320' height='240'  title='alcera' alt='' \/><\/a> <a href='http:\/\/moratec.es\/wp-content\/uploads\/2014\/07\/chiron.jpg' data-rel='gallery-1' data-prev-img='http:\/\/moratec.es\/wp-content\/uploads\/2014\/07\/chiron.jpg' class='lightbox ' data-onclick='2' title='Palettierungs-Vertikalanlage Chiron FZ 12 W mit 2 Positionen-Drehtisch, mit Kapazit\u00e4t 400*250*250 mm.'  itemprop=\"thumbnailUrl\"  ><img class=\"wp-image-3961 avia-img-lazy-loading-not-3961\"  data-avia-tooltip='Palettierungs-Vertikalanlage Chiron FZ 12 W mit 2 Positionen-Drehtisch, mit Kapazit\u00e4t 400*250*250 mm.' src='http:\/\/moratec.es\/wp-content\/uploads\/2014\/07\/chiron.jpg' width='320' height='240'  title='chiron' alt='' \/><\/a> <a href='http:\/\/moratec.es\/wp-content\/uploads\/2014\/07\/moriSEIKI_500B.jpg' data-rel='gallery-1' data-prev-img='http:\/\/moratec.es\/wp-content\/uploads\/2014\/07\/moriSEIKI_500B.jpg' class='lightbox ' data-onclick='3' title='Palettierungs-Vertikalanlage Seiki SV 500 B, mit Kapazit\u00e4t 100*500*500 mm.'  itemprop=\"thumbnailUrl\"  ><img class=\"wp-image-3960 avia-img-lazy-loading-not-3960\"  data-avia-tooltip='Palettierungs-Vertikalanlage Seiki SV 500 B, mit Kapazit\u00e4t 100*500*500 mm.' src='http:\/\/moratec.es\/wp-content\/uploads\/2014\/07\/moriSEIKI_500B.jpg' width='320' height='240'  title='moriSEIKI_500B' alt='' \/><\/a> <a href='http:\/\/moratec.es\/wp-content\/uploads\/2014\/07\/TORNOmoriSEIKI.jpg' data-rel='gallery-1' data-prev-img='http:\/\/moratec.es\/wp-content\/uploads\/2014\/07\/TORNOmoriSEIKI.jpg' class='lightbox ' data-onclick='4' title='CNC-Drehmaschine Mori Seiki SL-250 mit Kapazit\u00e4t 320*950 mm, mit einer hydraulischen Einspannvorrichtung mit 110 mm Kapazit\u00e4t.'  itemprop=\"thumbnailUrl\"  ><img class=\"wp-image-3959 avia-img-lazy-loading-not-3959\"  data-avia-tooltip='CNC-Drehmaschine Mori Seiki SL-250 mit Kapazit\u00e4t 320*950 mm, mit einer hydraulischen Einspannvorrichtung mit 110 mm Kapazit\u00e4t.' src='http:\/\/moratec.es\/wp-content\/uploads\/2014\/07\/TORNOmoriSEIKI.jpg' width='320' height='240'  title='TORNOmoriSEIKI' alt='' \/><\/a> <a href='http:\/\/moratec.es\/wp-content\/uploads\/2014\/07\/TORNOmoriSEIKI_400.jpg' data-rel='gallery-1' data-prev-img='http:\/\/moratec.es\/wp-content\/uploads\/2014\/07\/TORNOmoriSEIKI_400.jpg' class='lightbox ' data-onclick='5' title='CNC-Drehmaschine Mori Seiki SL-400 mit Kapazit\u00e4t 560*800 mm'  itemprop=\"thumbnailUrl\"  ><img class=\"wp-image-3958 avia-img-lazy-loading-not-3958\"  data-avia-tooltip='CNC-Drehmaschine Mori Seiki SL-400 mit Kapazit\u00e4t 560*800 mm' src='http:\/\/moratec.es\/wp-content\/uploads\/2014\/07\/TORNOmoriSEIKI_400.jpg' width='320' height='240'  title='TORNOmoriSEIKI_400' alt='' \/><\/a> <a href='http:\/\/moratec.es\/wp-content\/uploads\/2014\/07\/moriSEIKI_50_E.jpg' data-rel='gallery-1' data-prev-img='http:\/\/moratec.es\/wp-content\/uploads\/2014\/07\/moriSEIKI_50_E.jpg' class='lightbox ' data-onclick='6' title='Vertikalanlage Mori Seiki MV- 50 E mit Kapazit\u00e4t 100*500*500 mm, mit einer eingebauten vierten Achse.'  itemprop=\"thumbnailUrl\"  ><img class=\"wp-image-3957 avia-img-lazy-loading-not-3957\"  data-avia-tooltip='Vertikalanlage Mori Seiki MV- 50 E mit Kapazit\u00e4t 100*500*500 mm, mit einer eingebauten vierten Achse.' src='http:\/\/moratec.es\/wp-content\/uploads\/2014\/07\/moriSEIKI_50_E.jpg' width='320' height='240'  title='moriSEIKI_50_E' alt='' \/><\/a><\/div><\/div>\n<\/div><\/div><\/div><!-- close content main div --><\/div><\/div><div id='av_section_1'  class='avia-section main_color avia-section-large avia-no-shadow  avia-bg-style-parallax  avia-builder-el-6  el_after_av_gallery  avia-builder-el-last   container_wrap fullsize' style=' '  ><div class='container' ><div class='template-page content  av-content-full alpha units'><div class='post-entry post-entry-type-page post-entry-3946'><div class='entry-content-wrapper clearfix'>\n<div class=\"flex_column av_one_fifth  flex_column_div first  avia-builder-el-7  el_before_av_three_fifth  avia-builder-el-first  \" ><\/div><div class=\"flex_column av_three_fifth  flex_column_div av-zero-column-padding   avia-builder-el-8  el_after_av_one_fifth  el_before_av_one_fifth  \" style='border-radius:0px; '><div  style='padding-bottom:10px; color:#939393;font-size:31px;' class='av-special-heading av-special-heading-h2 custom-color-heading blockquote modern-quote modern-centered  avia-builder-el-9  avia-builder-el-no-sibling  av-inherit-size '><h2 class='av-special-heading-tag '  itemprop=\"headline\"  >WEITERE ZUSATZARBEITEN<\/h2><div class='special-heading-border'><div class='special-heading-inner-border' style='border-color:#939393'><\/div><\/div><\/div><\/div><div class=\"flex_column av_one_fifth  flex_column_div av-zero-column-padding   avia-builder-el-10  el_after_av_three_fifth  el_before_av_hr  \" style='border-radius:0px; '><\/div><div   class='hr hr-short hr-center   avia-builder-el-11  el_after_av_one_fifth  el_before_av_one_fifth '><span class='hr-inner ' ><span class='hr-inner-style'><\/span><\/span><\/div>\n<div class=\"flex_column av_one_fifth  flex_column_div first  avia-builder-el-12  el_after_av_hr  el_before_av_three_fifth  \" ><\/div><div class=\"flex_column av_three_fifth  flex_column_div av-zero-column-padding   avia-builder-el-13  el_after_av_one_fifth  el_before_av_one_fifth  \" style='border-radius:0px; '><div   class=\"togglecontainer   toggle_close_all  avia-builder-el-14  avia-builder-el-no-sibling \" >\n<section class=\"av_toggle_section\"  itemscope=\"itemscope\" itemtype=\"https:\/\/schema.org\/CreativeWork\"  >    <div role=\"tablist\" class=\"single_toggle\" data-tags=\"{Alle} \"  >        <p data-fake-id=\"#toggle-id-1\" class=\"toggler activeTitle\"  itemprop=\"headline\"    role=\"tab\" tabindex=\"0\" aria-controls=\"toggle-id-1\">Schwei\u00dfarbeiten<span class=\"toggle_icon\" >        <span class=\"vert_icon\"><\/span><span class=\"hor_icon\"><\/span><\/span><\/p>        <div id=\"toggle-id-1\" class=\"toggle_wrap active_tc\"  style='display:block;' >            <div class=\"toggle_content invers-color \"  itemprop=\"text\"   ><p>Als Spezialist im TIG-, MIG- und Elektrodenschwei\u00dfen f\u00fcr jeden Werkstoff (Stahl, rostfreier Stahl, Aluminium, Kupfer\u2026)<\/p>\n<ul>\n<li>TIG-Verfahren sowohl im Dauer- als auch im Wechselbetrieb, gilt f\u00fcr das Einzelschwei\u00dfen von Kohlenstoff-, Edel- und Aluminiumstahl.<\/li>\n<li>MIG-MAG-Impulsbogen-Schwei\u00dfverfahren mit der M\u00f6glichkeit, Aluminium und seine Legierungen zu schwei\u00dfen.<\/li>\n<li>Punktschwei\u00dfen f\u00fcr kleine Materialdicken (3+3) von Kohlenstoff- und Edelstahl.<\/li>\n<\/ul>\n            <\/div>        <\/div>    <\/div><\/section>\n<section class=\"av_toggle_section\"  itemscope=\"itemscope\" itemtype=\"https:\/\/schema.org\/CreativeWork\"  >    <div role=\"tablist\" class=\"single_toggle\" data-tags=\"{Alle} \"  >        <p data-fake-id=\"#toggle-id-2\" class=\"toggler \"  itemprop=\"headline\"    role=\"tab\" tabindex=\"0\" aria-controls=\"toggle-id-2\"> Biegen<span class=\"toggle_icon\" >        <span class=\"vert_icon\"><\/span><span class=\"hor_icon\"><\/span><\/span><\/p>        <div id=\"toggle-id-2\" class=\"toggle_wrap \"   >            <div class=\"toggle_content invers-color \"  itemprop=\"text\"   ><ul>\n<li>CNC-Biegemaschine mit 3,1 m Nutzl\u00e4nge und 130 t Kraft. Dank ihrer 4 Achsen und der Trenn- und Spaltwerkzeuge k\u00f6nnen nahezu s\u00e4mtliche von unseren Kunden angefragten Biegearbeiten durchgef\u00fchrt werden.<\/li>\n<li>Untersuchung von Spezialwerkzeugen auf Wunsch des Kunden.<\/li>\n<\/ul>\n            <\/div>        <\/div>    <\/div><\/section>\n<section class=\"av_toggle_section\"  itemscope=\"itemscope\" itemtype=\"https:\/\/schema.org\/CreativeWork\"  >    <div role=\"tablist\" class=\"single_toggle\" data-tags=\"{Alle} \"  >        <p data-fake-id=\"#toggle-id-3\" class=\"toggler \"  itemprop=\"headline\"    role=\"tab\" tabindex=\"0\" aria-controls=\"toggle-id-3\">Schneiden<span class=\"toggle_icon\" >        <span class=\"vert_icon\"><\/span><span class=\"hor_icon\"><\/span><\/span><\/p>        <div id=\"toggle-id-3\" class=\"toggle_wrap \"   >            <div class=\"toggle_content invers-color \"  itemprop=\"text\"   ><ul>\n<li>Schneidemaschine zum Blechschneiden bis 6 mm in einer L\u00e4nge von 3000 mm.<\/li>\n<\/ul>\n            <\/div>        <\/div>    <\/div><\/section>\n<\/div><\/div><div class=\"flex_column av_one_fifth  flex_column_div av-zero-column-padding   avia-builder-el-15  el_after_av_three_fifth  avia-builder-el-last  \" style='border-radius:0px; '><\/div>\n\n","protected":false},"excerpt":{"rendered":"","protected":false},"author":2,"featured_media":0,"parent":0,"menu_order":0,"comment_status":"open","ping_status":"open","template":"","meta":[],"yoast_head":"<!-- This site is optimized with the Yoast SEO plugin v15.3 - https:\/\/yoast.com\/wordpress\/plugins\/seo\/ -->\n<title>Produktionsmittel - Moratec<\/title>\n<meta name=\"description\" content=\"Der Maschinenpark von Industrias MORATEC S.L. wird fortlaufend erneuert. Nachfolgend eine Auflistung der Maschinen, die das Unternehmen besitzt:\" \/>\n<meta name=\"robots\" content=\"index, follow, max-snippet:-1, max-image-preview:large, max-video-preview:-1\" \/>\n<link rel=\"canonical\" href=\"http:\/\/moratec.es\/de\/produktionsmittel\/\" \/>\n<meta property=\"og:locale\" content=\"de_DE\" \/>\n<meta property=\"og:type\" content=\"article\" \/>\n<meta property=\"og:title\" content=\"Produktionsmittel - Moratec\" \/>\n<meta property=\"og:description\" content=\"Der Maschinenpark von Industrias MORATEC S.L. wird fortlaufend erneuert. Nachfolgend eine Auflistung der Maschinen, die das Unternehmen besitzt:\" \/>\n<meta property=\"og:url\" content=\"http:\/\/moratec.es\/de\/produktionsmittel\/\" \/>\n<meta property=\"og:site_name\" content=\"Moratec\" \/>\n<meta property=\"article:modified_time\" content=\"2015-09-01T07:45:43+00:00\" \/>\n<meta name=\"twitter:label1\" content=\"Verfasst von\">\n\t<meta name=\"twitter:data1\" content=\"moratec2\">\n\t<meta name=\"twitter:label2\" content=\"Gesch\u00e4tzte Lesezeit\">\n\t<meta name=\"twitter:data2\" content=\"3\u00a0Minuten\">\n<script type=\"application\/ld+json\" class=\"yoast-schema-graph\">{\"@context\":\"https:\/\/schema.org\",\"@graph\":[{\"@type\":\"WebSite\",\"@id\":\"http:\/\/moratec.es\/fr\/#website\",\"url\":\"http:\/\/moratec.es\/fr\/\",\"name\":\"Moratec\",\"description\":\"Industrias MORATEC S.L. es una empresa dedicada a la fabricaci\\u00f3n y mecanizaci\\u00f3n bajo plano de todo tipo de piezas.\",\"potentialAction\":[{\"@type\":\"SearchAction\",\"target\":\"http:\/\/moratec.es\/fr\/?s={search_term_string}\",\"query-input\":\"required name=search_term_string\"}],\"inLanguage\":\"de\"},{\"@type\":\"WebPage\",\"@id\":\"http:\/\/moratec.es\/de\/produktionsmittel\/#webpage\",\"url\":\"http:\/\/moratec.es\/de\/produktionsmittel\/\",\"name\":\"Produktionsmittel - Moratec\",\"isPartOf\":{\"@id\":\"http:\/\/moratec.es\/fr\/#website\"},\"datePublished\":\"2015-08-26T09:58:26+00:00\",\"dateModified\":\"2015-09-01T07:45:43+00:00\",\"description\":\"Der Maschinenpark von Industrias MORATEC S.L. wird fortlaufend erneuert. Nachfolgend eine Auflistung der Maschinen, die das Unternehmen besitzt:\",\"inLanguage\":\"de\",\"potentialAction\":[{\"@type\":\"ReadAction\",\"target\":[\"http:\/\/moratec.es\/de\/produktionsmittel\/\"]}]}]}<\/script>\n<!-- \/ Yoast SEO plugin. -->","_links":{"self":[{"href":"http:\/\/moratec.es\/de\/wp-json\/wp\/v2\/pages\/3946"}],"collection":[{"href":"http:\/\/moratec.es\/de\/wp-json\/wp\/v2\/pages"}],"about":[{"href":"http:\/\/moratec.es\/de\/wp-json\/wp\/v2\/types\/page"}],"author":[{"embeddable":true,"href":"http:\/\/moratec.es\/de\/wp-json\/wp\/v2\/users\/2"}],"replies":[{"embeddable":true,"href":"http:\/\/moratec.es\/de\/wp-json\/wp\/v2\/comments?post=3946"}],"version-history":[{"count":5,"href":"http:\/\/moratec.es\/de\/wp-json\/wp\/v2\/pages\/3946\/revisions"}],"predecessor-version":[{"id":4088,"href":"http:\/\/moratec.es\/de\/wp-json\/wp\/v2\/pages\/3946\/revisions\/4088"}],"wp:attachment":[{"href":"http:\/\/moratec.es\/de\/wp-json\/wp\/v2\/media?parent=3946"}],"curies":[{"name":"wp","href":"https:\/\/api.w.org\/{rel}","templated":true}]}}