{"id":3713,"date":"2014-07-30T20:36:59","date_gmt":"2014-07-30T18:36:59","guid":{"rendered":"http:\/\/moratec.es\/?page_id=3713"},"modified":"2020-11-16T14:18:32","modified_gmt":"2020-11-16T12:18:32","slug":"qualite","status":"publish","type":"page","link":"http:\/\/moratec.es\/fr\/qualite\/","title":{"rendered":"Qualit\u00e9"},"content":{"rendered":"<div id='full_slider_1'  class='avia-fullwidth-slider main_color avia-shadow   avia-builder-el-0  el_before_av_section  avia-builder-el-first   container_wrap sidebar_right' style='background-repeat: repeat; background-image: url(http:\/\/moratec.es\/wp-content\/uploads\/2014\/06\/graphy1.png); background-attachment: fixed; background-position: top left;  '  ><div   data-size='no scaling'  data-lightbox_size='large'  data-animation='slide_up'  data-conditional_play=''  data-ids='3316'  data-video_counter='0'  data-autoplay='false'  data-bg_slider='false'  data-slide_height=''  data-handle='av_slideshow_full'  data-interval='5'  data-class=' image_no_stretch'  data-el_id=''  data-css_id=''  data-scroll_down=''  data-control_layout='av-control-default'  data-custom_markup=''  data-perma_caption=''  data-autoplay_stopper=''  data-image_attachment=''  data-min_height='0px'  data-lazy_loading='disabled'  data-src='http:\/\/moratec.es\/wp-content\/uploads\/2014\/06\/graphy1.png'  data-position='top left'  data-repeat='repeat'  data-attach='fixed'  data-stretch='image_no_stretch'  class='avia-slideshow avia-slideshow-1  av-control-default av-default-height-applied avia-slideshow-no scaling av_slideshow_full  image_no_stretch avia-slide_up-slider '  itemprop=\"image\" itemscope=\"itemscope\" itemtype=\"https:\/\/schema.org\/ImageObject\" ><ul class='avia-slideshow-inner ' style='padding-bottom: 41.176470588235%;' ><li  class=' av-single-slide slide-1 ' ><div data-rel='slideshow-1' class='avia-slide-wrap '   ><div class = \"caption_fullwidth av-slideshow-caption caption_left caption_left_framed caption_framed\"><div class = \"container caption_container\"><div class = \"slideshow_caption\"><div class = \"slideshow_inner_caption\"><div class = \"slideshow_align_caption\"><h2  class='avia-caption-title  '  itemprop=\"name\" >Qualite<\/h2><div class='avia-caption-content  '  itemprop=\"description\"  ><p>Nous poss\u00e9dons un syst\u00e8me de qualit\u00e9 certifi\u00e9.<\/p>\n<\/div><a href='http:\/\/moratec.es\/wp-content\/uploads\/2020\/11\/CERTIFICADO2019.pdf' target=\"_blank\" rel=\"noopener noreferrer\" class='avia-slideshow-button avia-button avia-color-theme-color-subtle ' data-duration='800' data-easing='easeInOutQuad'>Telecharger certificat<\/a><\/div><\/div><\/div><\/div><\/div><img class=\"wp-image-3557 avia-img-lazy-loading-not-3557\"  src='http:\/\/moratec.es\/wp-content\/uploads\/2014\/06\/maquinaMETROLOGIA22.png' width='850' height='350' title='maquinaMETROLOGIA2' alt=''  itemprop=\"thumbnailUrl\"   \/><\/div><\/li><\/ul><\/div><\/div>\n<div id='av_section_1'  class='avia-section main_color avia-section-default avia-no-shadow  avia-bg-style-scroll  avia-builder-el-1  el_after_av_slideshow_full  el_before_av_section   container_wrap sidebar_right' style='background-color: #fff7f9;  '  ><div class='container' ><div class='template-page content  av-content-small alpha units'><div class='post-entry post-entry-type-page post-entry-3713'><div class='entry-content-wrapper clearfix'>\n<div class=\"flex_column av_one_half  flex_column_div first  avia-builder-el-2  el_before_av_one_half  avia-builder-el-first  \" ><p><div  style='padding-bottom:0px; ' class='av-special-heading av-special-heading-h3  blockquote modern-quote modern-centered  avia-builder-el-3  el_before_av_hr  avia-builder-el-first  '><h3 class='av-special-heading-tag '  itemprop=\"headline\"  >La qualit\u00e9 comme fondement<\/h3><div class='special-heading-border'><div class='special-heading-inner-border' ><\/div><\/div><\/div><br \/>\n<div   class='hr hr-short hr-center   avia-builder-el-4  el_after_av_heading  avia-builder-el-last '><span class='hr-inner ' ><span class='hr-inner-style'><\/span><\/span><\/div><\/p><\/div><div class=\"flex_column av_one_half  flex_column_div av-zero-column-padding   avia-builder-el-5  el_after_av_one_half  el_before_av_one_half  \" style='border-radius:0px; '><p><div  style='padding-bottom:0px; ' class='av-special-heading av-special-heading-h3  blockquote modern-quote modern-centered  avia-builder-el-6  el_before_av_hr  avia-builder-el-first  '><h3 class='av-special-heading-tag '  itemprop=\"headline\"  >Qualit\u00e9 et M\u00e9trologie<\/h3><div class='special-heading-border'><div class='special-heading-inner-border' ><\/div><\/div><\/div><br \/>\n<div   class='hr hr-short hr-center   avia-builder-el-7  el_after_av_heading  avia-builder-el-last '><span class='hr-inner ' ><span class='hr-inner-style'><\/span><\/span><\/div><\/p><\/div><div class=\"flex_column av_one_half  flex_column_div first  avia-builder-el-8  el_after_av_one_half  el_before_av_one_half  column-top-margin\" ><section class=\"av_textblock_section \"  itemscope=\"itemscope\" itemtype=\"https:\/\/schema.org\/CreativeWork\" ><div class='avia_textblock  '   itemprop=\"text\" ><div  style='height:1px; margin-top:-75px'  class='hr hr-invisible   avia-builder-el-10  avia-builder-el-no-sibling '><span class='hr-inner ' ><span class='hr-inner-style'><\/span><\/span><\/div>\n<p class=\"p1\">Industrias MORATEC S.L. souhaite \u00eatre reconnue comme une entreprise de r\u00e9f\u00e9rence dans le secteur de l&rsquo;usinage des pi\u00e8ces sur mesure pour la qualit\u00e9 de ses produits, le professionnalisme de son personnel et la fiabilit\u00e9 de ses livraisons.<\/p>\n<\/div><\/section><\/div><div class=\"flex_column av_one_half  flex_column_div av-zero-column-padding   avia-builder-el-11  el_after_av_one_half  avia-builder-el-last  column-top-margin\" style='border-radius:0px; '><section class=\"av_textblock_section \"  itemscope=\"itemscope\" itemtype=\"https:\/\/schema.org\/CreativeWork\" ><div class='avia_textblock  '   itemprop=\"text\" ><div  style='height:1px; margin-top:-75px'  class='hr hr-invisible   avia-builder-el-13  avia-builder-el-no-sibling '><span class='hr-inner ' ><span class='hr-inner-style'><\/span><\/span><\/div>\n<p class=\"p1\">Industrias MORATEC S.L. dispose d&rsquo;un Syst\u00e8me d&rsquo;Assurance Qualit\u00e9 destin\u00e9 \u00e0 donner pleine satisfaction \u00e0 nos clients et qui pr\u00e9vient de possibles d\u00e9fauts dans la fabrication.<\/p>\n<p class=\"p1\">L&rsquo;entreprise poss\u00e8de un syst\u00e8me qualit\u00e9 certifi\u00e9 selon la norme ISO 9001:2015 pour son activit\u00e9 d&rsquo;usinage industriel.<\/p>\n<\/div><\/section><\/div>\n\n<\/div><\/div><\/div><!-- close content main div --><\/div><\/div><div id='av_section_2'  class='avia-section main_color avia-section-default avia-shadow  avia-bg-style-scroll  avia-builder-el-14  el_after_av_section  avia-builder-el-last   container_wrap sidebar_right' style=' '  ><div class='container' ><div class='template-page content  av-content-small alpha units'><div class='post-entry post-entry-type-page post-entry-3713'><div class='entry-content-wrapper clearfix'>\n<div class=\"flex_column av_one_half  flex_column_div first  avia-builder-el-15  el_before_av_one_half  avia-builder-el-first  \" ><div  style='padding-bottom:10px; color:#000000;' class='av-special-heading av-special-heading-h4 custom-color-heading   avia-builder-el-16  avia-builder-el-no-sibling  '><h4 class='av-special-heading-tag '  itemprop=\"headline\"  >L\u2018engagement en faveur de la qualit\u00e9 est une obligation unanimement assum\u00e9e par toute l\u2019\u00e9quipe d\u2019Industrias MORATEC S.L., il est ainsi n\u00e9cessaire de respecter une s\u00e9rie de r\u00e8gles qui garantiront des standards de qualit\u00e9 \u00e9lev\u00e9s:<\/h4><div class='special-heading-border'><div class='special-heading-inner-border' style='border-color:#000000'><\/div><\/div><\/div><\/div><div class=\"flex_column av_one_half  flex_column_div   avia-builder-el-17  el_after_av_one_half  avia-builder-el-last  \" ><div  class='avia-icon-list-container   avia-builder-el-18  avia-builder-el-no-sibling '><ul class='avia-icon-list avia-icon-list-left av-iconlist-big avia_animate_when_almost_visible avia-iconlist-animate'>\n<li><div  class='iconlist_icon  avia-font-entypo-fontello'><span class='iconlist-char ' aria-hidden='true' data-av_icon='\ue80c' data-av_iconfont='entypo-fontello'><\/span><\/div><article class=\"article-icon-entry \"  itemscope=\"itemscope\" itemtype=\"https:\/\/schema.org\/CreativeWork\" ><div class='iconlist_content_wrap'><header class=\"entry-content-header\"><h4 class='av_iconlist_title iconlist_title   '  itemprop=\"headline\"  >OBJECTIF<\/h4><\/header><div class='iconlist_content  '  itemprop=\"text\"  ><p class=\"p1\">L&rsquo;objectif est la satisfaction et l&rsquo;am\u00e9lioration des attentes du client.<\/p>\n<\/div><\/div><footer class=\"entry-footer\"><\/footer><\/article><div class='iconlist-timeline'><\/div><\/li>\n<li><div  class='iconlist_icon  avia-font-entypo-fontello'><span class='iconlist-char ' aria-hidden='true' data-av_icon='\ue82b' data-av_iconfont='entypo-fontello'><\/span><\/div><article class=\"article-icon-entry \"  itemscope=\"itemscope\" itemtype=\"https:\/\/schema.org\/CreativeWork\" ><div class='iconlist_content_wrap'><header class=\"entry-content-header\"><h4 class='av_iconlist_title iconlist_title   '  itemprop=\"headline\"  >PRODUIT FINAL<\/h4><\/header><div class='iconlist_content  '  itemprop=\"text\"  ><p class=\"p1\">Contribuer \u00e0 am\u00e9liorer les fabrications finales du client en termes d&rsquo;efficacit\u00e9 et de conception.<\/p>\n<\/div><\/div><footer class=\"entry-footer\"><\/footer><\/article><div class='iconlist-timeline'><\/div><\/li>\n<li><div  class='iconlist_icon  avia-font-entypo-fontello'><span class='iconlist-char ' aria-hidden='true' data-av_icon='\ue806' data-av_iconfont='entypo-fontello'><\/span><\/div><article class=\"article-icon-entry \"  itemscope=\"itemscope\" itemtype=\"https:\/\/schema.org\/CreativeWork\" ><div class='iconlist_content_wrap'><header class=\"entry-content-header\"><h4 class='av_iconlist_title iconlist_title   '  itemprop=\"headline\"  >VALEUR HUMAINE<\/h4><\/header><div class='iconlist_content  '  itemprop=\"text\"  ><p class=\"p1\">Obtention d&rsquo;un haut degr\u00e9 d&rsquo;efficacit\u00e9 interne qui se traduira par un meilleur service et la cr\u00e9ation de valeur ajout\u00e9e pour nos clients.<\/p>\n<\/div><\/div><footer class=\"entry-footer\"><\/footer><\/article><div class='iconlist-timeline'><\/div><\/li>\n<\/ul><\/div><\/div>\n<\/div><\/div><\/div><!-- close content main div --><\/div><\/div><div id='after_section_2'  class='main_color av_default_container_wrap container_wrap sidebar_right' style=' '  ><div class='container' ><div class='template-page content  av-content-small alpha units'><div class='post-entry post-entry-type-page post-entry-3713'><div class='entry-content-wrapper clearfix'>\n","protected":false},"excerpt":{"rendered":"","protected":false},"author":2,"featured_media":0,"parent":0,"menu_order":0,"comment_status":"open","ping_status":"closed","template":"","meta":[],"yoast_head":"<!-- This site is optimized with the Yoast SEO plugin v15.3 - https:\/\/yoast.com\/wordpress\/plugins\/seo\/ -->\n<title>Moratec S.L. Nous poss\u00e9dons un syst\u00e8me de qualit\u00e9 certifi\u00e9.<\/title>\n<meta name=\"description\" content=\"L\u2019entreprise poss\u00e8de un syst\u00e8me qualit\u00e9 certifi\u00e9 selon la norme ISO 9001:2008 pour son activit\u00e9 d\u2019usinage industriel.\" \/>\n<meta name=\"robots\" content=\"index, follow, max-snippet:-1, max-image-preview:large, max-video-preview:-1\" \/>\n<link rel=\"canonical\" href=\"http:\/\/moratec.es\/fr\/qualite\/\" \/>\n<meta property=\"og:locale\" content=\"fr_FR\" \/>\n<meta property=\"og:type\" content=\"article\" \/>\n<meta property=\"og:title\" content=\"Moratec S.L. Nous poss\u00e9dons un syst\u00e8me de qualit\u00e9 certifi\u00e9.\" \/>\n<meta property=\"og:description\" content=\"L\u2019entreprise poss\u00e8de un syst\u00e8me qualit\u00e9 certifi\u00e9 selon la norme ISO 9001:2008 pour son activit\u00e9 d\u2019usinage industriel.\" \/>\n<meta property=\"og:url\" content=\"http:\/\/moratec.es\/fr\/qualite\/\" \/>\n<meta property=\"og:site_name\" content=\"Moratec\" \/>\n<meta property=\"article:modified_time\" content=\"2020-11-16T12:18:32+00:00\" \/>\n<meta name=\"twitter:label1\" content=\"\u00c9crit par\">\n\t<meta name=\"twitter:data1\" content=\"moratec2\">\n\t<meta name=\"twitter:label2\" content=\"Dur\u00e9e de lecture est.\">\n\t<meta name=\"twitter:data2\" content=\"3 minutes\">\n<script type=\"application\/ld+json\" class=\"yoast-schema-graph\">{\"@context\":\"https:\/\/schema.org\",\"@graph\":[{\"@type\":\"WebSite\",\"@id\":\"http:\/\/moratec.es\/fr\/#website\",\"url\":\"http:\/\/moratec.es\/fr\/\",\"name\":\"Moratec\",\"description\":\"Industrias MORATEC S.L. es una empresa dedicada a la fabricaci\\u00f3n y mecanizaci\\u00f3n bajo plano de todo tipo de piezas.\",\"potentialAction\":[{\"@type\":\"SearchAction\",\"target\":\"http:\/\/moratec.es\/fr\/?s={search_term_string}\",\"query-input\":\"required name=search_term_string\"}],\"inLanguage\":\"fr-FR\"},{\"@type\":\"WebPage\",\"@id\":\"http:\/\/moratec.es\/fr\/qualite\/#webpage\",\"url\":\"http:\/\/moratec.es\/fr\/qualite\/\",\"name\":\"Moratec S.L. Nous poss\\u00e9dons un syst\\u00e8me de qualit\\u00e9 certifi\\u00e9.\",\"isPartOf\":{\"@id\":\"http:\/\/moratec.es\/fr\/#website\"},\"datePublished\":\"2014-07-30T18:36:59+00:00\",\"dateModified\":\"2020-11-16T12:18:32+00:00\",\"description\":\"L\\u2019entreprise poss\\u00e8de un syst\\u00e8me qualit\\u00e9 certifi\\u00e9 selon la norme ISO 9001:2008 pour son activit\\u00e9 d\\u2019usinage industriel.\",\"inLanguage\":\"fr-FR\",\"potentialAction\":[{\"@type\":\"ReadAction\",\"target\":[\"http:\/\/moratec.es\/fr\/qualite\/\"]}]}]}<\/script>\n<!-- \/ Yoast SEO plugin. -->","_links":{"self":[{"href":"http:\/\/moratec.es\/fr\/wp-json\/wp\/v2\/pages\/3713"}],"collection":[{"href":"http:\/\/moratec.es\/fr\/wp-json\/wp\/v2\/pages"}],"about":[{"href":"http:\/\/moratec.es\/fr\/wp-json\/wp\/v2\/types\/page"}],"author":[{"embeddable":true,"href":"http:\/\/moratec.es\/fr\/wp-json\/wp\/v2\/users\/2"}],"replies":[{"embeddable":true,"href":"http:\/\/moratec.es\/fr\/wp-json\/wp\/v2\/comments?post=3713"}],"version-history":[{"count":4,"href":"http:\/\/moratec.es\/fr\/wp-json\/wp\/v2\/pages\/3713\/revisions"}],"predecessor-version":[{"id":4162,"href":"http:\/\/moratec.es\/fr\/wp-json\/wp\/v2\/pages\/3713\/revisions\/4162"}],"wp:attachment":[{"href":"http:\/\/moratec.es\/fr\/wp-json\/wp\/v2\/media?parent=3713"}],"curies":[{"name":"wp","href":"https:\/\/api.w.org\/{rel}","templated":true}]}}