{"id":3717,"date":"2014-07-30T20:40:01","date_gmt":"2014-07-30T18:40:01","guid":{"rendered":"http:\/\/moratec.es\/?page_id=3717"},"modified":"2014-09-03T10:21:48","modified_gmt":"2014-09-03T08:21:48","slug":"entreprise","status":"publish","type":"page","link":"http:\/\/moratec.es\/fr\/entreprise\/","title":{"rendered":"Entreprise"},"content":{"rendered":"<div id='full_slider_1'  class='avia-fullwidth-slider main_color avia-shadow   avia-builder-el-0  el_before_av_one_half  avia-builder-el-first   container_wrap sidebar_right' style=' '  ><div   data-size='no scaling'  data-lightbox_size='large'  data-animation='slide'  data-conditional_play=''  data-ids='3237'  data-video_counter='0'  data-autoplay='false'  data-bg_slider='false'  data-slide_height=''  data-handle='av_slideshow_full'  data-interval='5'  data-class=' '  data-el_id=''  data-css_id=''  data-scroll_down=''  data-control_layout='av-control-default'  data-custom_markup=''  data-perma_caption=''  data-autoplay_stopper=''  data-image_attachment=''  data-min_height='0px'  data-lazy_loading='disabled'  data-src=''  data-position='top left'  data-repeat='no-repeat'  data-attach='scroll'  data-stretch=''  class='avia-slideshow avia-slideshow-1  av-control-default av-default-height-applied avia-slideshow-no scaling av_slideshow_full   avia-slide-slider '  itemprop=\"image\" itemscope=\"itemscope\" itemtype=\"https:\/\/schema.org\/ImageObject\" ><ul class='avia-slideshow-inner ' style='padding-bottom: 19.444444444444%;' ><li  class=' av-single-slide slide-1 ' ><div data-rel='slideshow-1' class='avia-slide-wrap '   ><div class = \"caption_fullwidth av-slideshow-caption caption_left caption_left_framed caption_framed\"><div class = \"container caption_container\"><div class = \"slideshow_caption\"><div class = \"slideshow_inner_caption\"><div class = \"slideshow_align_caption\"><h2  class='avia-caption-title  '  itemprop=\"name\" >Entreprise<\/h2><div class='avia-caption-content  '  itemprop=\"description\"  ><p>Entreprise sp\u00e9cialis\u00e9e dans l&rsquo;usinage de tout type de pi\u00e8ces sur plan, c&rsquo;est une entreprise de services op\u00e9rant dans le secteur du M\u00e9tal de Navarre.<\/p>\n<\/div><\/div><\/div><\/div><\/div><\/div><img class=\"wp-image-3482 avia-img-lazy-loading-not-3482\"  src='http:\/\/moratec.es\/wp-content\/uploads\/2014\/06\/fachada1.jpg' width='1800' height='350' title='fachada' alt=''  itemprop=\"thumbnailUrl\"   \/><\/div><\/li><\/ul><\/div><\/div><div id='after_full_slider_1'  class='main_color av_default_container_wrap container_wrap sidebar_right' style=' '  ><div class='container' ><div class='template-page content  av-content-small alpha units'><div class='post-entry post-entry-type-page post-entry-3717'><div class='entry-content-wrapper clearfix'>\n<div class=\"flex_column av_one_half  flex_column_div first  avia-builder-el-1  el_after_av_slideshow_full  el_before_av_one_half  avia-builder-el-first  \" ><p><div  style='height:1px; margin-top:-32px'  class='hr hr-invisible   avia-builder-el-2  el_before_av_heading  avia-builder-el-first '><span class='hr-inner ' ><span class='hr-inner-style'><\/span><\/span><\/div><br \/>\n<div  style='padding-bottom:10px; color:#969696;' class='av-special-heading av-special-heading-h4 custom-color-heading blockquote modern-quote  avia-builder-el-3  el_after_av_hr  el_before_av_hr  '><h4 class='av-special-heading-tag '  itemprop=\"headline\"  >Industrias Moratec S.L. a pris la suite de Mecanizados Arpe S.L., entreprise cr\u00e9\u00e9e en 1999. L\u2018entreprise poss\u00e8de une grande exp\u00e9rience dans des secteurs tr\u00e8s exigeants comme l\u2019\u00e9olien, l\u2018\u00e9quipement sanitaire, l\u2019automobile, le mat\u00e9riel de levage, etc.<\/h4><div class='special-heading-border'><div class='special-heading-inner-border' style='border-color:#969696'><\/div><\/div><\/div><br \/>\n<div   class='hr hr-short hr-left   avia-builder-el-4  el_after_av_heading  avia-builder-el-last '><span class='hr-inner ' ><span class='hr-inner-style'><\/span><\/span><\/div><\/p><\/div><div class=\"flex_column av_one_half  flex_column_div   avia-builder-el-5  el_after_av_one_half  avia-builder-el-last  \" ><section class=\"av_textblock_section \"  itemscope=\"itemscope\" itemtype=\"https:\/\/schema.org\/CreativeWork\" ><div class='avia_textblock  '   itemprop=\"text\" ><p class=\"p1\">L&rsquo;entreprise poss\u00e8de des installations de 1300 m<span class=\"s1\">\u00b2<\/span> sp\u00e9cifiquement pr\u00e9par\u00e9es pour r\u00e9pondre \u00e0 n&rsquo;importe quel besoin de production d&rsquo;\u00e9l\u00e9ments usin\u00e9s de haute qualit\u00e9 pour une grande vari\u00e9t\u00e9 de secteurs: \u00e9olien, machines-outils, automobile, ponts roulants, grues de construction, v\u00e9rins, cintreuse de tubes, chariots \u00e9l\u00e9vateurs, \u00e9quipement sanitaire, etc.<\/p>\n<p class=\"p1\">Industrias Moratec S.L. compte un personnel hautement exp\u00e9riment\u00e9 et polyvalent dans la r\u00e9alisation des travaux d&rsquo;usinage. On y r\u00e9alise \u00e9galement des travaux auxiliaires de soudage, pliage et cisaillage.<\/p>\n<\/div><\/section><\/div><\/p>\n","protected":false},"excerpt":{"rendered":"","protected":false},"author":2,"featured_media":0,"parent":0,"menu_order":0,"comment_status":"open","ping_status":"open","template":"","meta":[],"yoast_head":"<!-- This site is optimized with the Yoast SEO plugin v15.3 - https:\/\/yoast.com\/wordpress\/plugins\/seo\/ -->\n<title>Moratec S.L. Usinage de tout type de pi\u00e8ces sur plan.<\/title>\n<meta name=\"description\" content=\"Entreprise sp\u00e9cialis\u00e9e dans l\u2019usinage de tout type de pi\u00e8ces sur plan, c\u2019est une entreprise de services op\u00e9rant dans le secteur du M\u00e9tal de Navarre.\" \/>\n<meta name=\"robots\" content=\"index, follow, max-snippet:-1, max-image-preview:large, max-video-preview:-1\" \/>\n<link rel=\"canonical\" href=\"http:\/\/moratec.es\/fr\/entreprise\/\" \/>\n<meta property=\"og:locale\" content=\"fr_FR\" \/>\n<meta property=\"og:type\" content=\"article\" \/>\n<meta property=\"og:title\" content=\"Moratec S.L. Usinage de tout type de pi\u00e8ces sur plan.\" \/>\n<meta property=\"og:description\" content=\"Entreprise sp\u00e9cialis\u00e9e dans l\u2019usinage de tout type de pi\u00e8ces sur plan, c\u2019est une entreprise de services op\u00e9rant dans le secteur du M\u00e9tal de Navarre.\" \/>\n<meta property=\"og:url\" content=\"http:\/\/moratec.es\/fr\/entreprise\/\" \/>\n<meta property=\"og:site_name\" content=\"Moratec\" \/>\n<meta property=\"article:modified_time\" content=\"2014-09-03T08:21:48+00:00\" \/>\n<meta name=\"twitter:label1\" content=\"\u00c9crit par\">\n\t<meta name=\"twitter:data1\" content=\"moratec2\">\n\t<meta name=\"twitter:label2\" content=\"Dur\u00e9e de lecture est.\">\n\t<meta name=\"twitter:data2\" content=\"2 minutes\">\n<script type=\"application\/ld+json\" class=\"yoast-schema-graph\">{\"@context\":\"https:\/\/schema.org\",\"@graph\":[{\"@type\":\"WebSite\",\"@id\":\"http:\/\/moratec.es\/fr\/#website\",\"url\":\"http:\/\/moratec.es\/fr\/\",\"name\":\"Moratec\",\"description\":\"Industrias MORATEC S.L. es una empresa dedicada a la fabricaci\\u00f3n y mecanizaci\\u00f3n bajo plano de todo tipo de piezas.\",\"potentialAction\":[{\"@type\":\"SearchAction\",\"target\":\"http:\/\/moratec.es\/fr\/?s={search_term_string}\",\"query-input\":\"required name=search_term_string\"}],\"inLanguage\":\"fr-FR\"},{\"@type\":\"WebPage\",\"@id\":\"http:\/\/moratec.es\/fr\/entreprise\/#webpage\",\"url\":\"http:\/\/moratec.es\/fr\/entreprise\/\",\"name\":\"Moratec S.L. Usinage de tout type de pi\\u00e8ces sur plan.\",\"isPartOf\":{\"@id\":\"http:\/\/moratec.es\/fr\/#website\"},\"datePublished\":\"2014-07-30T18:40:01+00:00\",\"dateModified\":\"2014-09-03T08:21:48+00:00\",\"description\":\"Entreprise sp\\u00e9cialis\\u00e9e dans l\\u2019usinage de tout type de pi\\u00e8ces sur plan, c\\u2019est une entreprise de services op\\u00e9rant dans le secteur du M\\u00e9tal de Navarre.\",\"inLanguage\":\"fr-FR\",\"potentialAction\":[{\"@type\":\"ReadAction\",\"target\":[\"http:\/\/moratec.es\/fr\/entreprise\/\"]}]}]}<\/script>\n<!-- \/ Yoast SEO plugin. -->","_links":{"self":[{"href":"http:\/\/moratec.es\/fr\/wp-json\/wp\/v2\/pages\/3717"}],"collection":[{"href":"http:\/\/moratec.es\/fr\/wp-json\/wp\/v2\/pages"}],"about":[{"href":"http:\/\/moratec.es\/fr\/wp-json\/wp\/v2\/types\/page"}],"author":[{"embeddable":true,"href":"http:\/\/moratec.es\/fr\/wp-json\/wp\/v2\/users\/2"}],"replies":[{"embeddable":true,"href":"http:\/\/moratec.es\/fr\/wp-json\/wp\/v2\/comments?post=3717"}],"version-history":[{"count":1,"href":"http:\/\/moratec.es\/fr\/wp-json\/wp\/v2\/pages\/3717\/revisions"}],"predecessor-version":[{"id":3718,"href":"http:\/\/moratec.es\/fr\/wp-json\/wp\/v2\/pages\/3717\/revisions\/3718"}],"wp:attachment":[{"href":"http:\/\/moratec.es\/fr\/wp-json\/wp\/v2\/media?parent=3717"}],"curies":[{"name":"wp","href":"https:\/\/api.w.org\/{rel}","templated":true}]}}