{"id":3719,"date":"2014-07-30T20:43:19","date_gmt":"2014-07-30T18:43:19","guid":{"rendered":"http:\/\/moratec.es\/?page_id=3719"},"modified":"2020-11-16T14:36:13","modified_gmt":"2020-11-16T12:36:13","slug":"accueil","status":"publish","type":"page","link":"http:\/\/moratec.es\/fr\/","title":{"rendered":"Accueil"},"content":{"rendered":"<div class=\"flex_column av_one_full  flex_column_div first  avia-builder-el-0  el_before_av_section  avia-builder-el-no-sibling  \" ><div   data-size='entry_without_sidebar'  data-lightbox_size='large'  data-animation='slide'  data-conditional_play=''  data-ids='3868,3871,3234'  data-video_counter='0'  data-autoplay='false'  data-bg_slider='false'  data-slide_height=''  data-handle='av_slideshow'  data-interval='5'  data-class=' avia-builder-el-1  avia-builder-el-no-sibling  '  data-el_id=''  data-css_id=''  data-scroll_down=''  data-control_layout=''  data-custom_markup=''  data-perma_caption=''  data-autoplay_stopper=''  data-image_attachment=''  data-min_height='0px'  data-lazy_loading='disabled'  data-default-height='34.95867768595'  class='avia-slideshow avia-slideshow-1  av-default-height-applied avia-slideshow-entry_without_sidebar av_slideshow  avia-builder-el-1  avia-builder-el-no-sibling   avia-slide-slider '  itemprop=\"image\" itemscope=\"itemscope\" itemtype=\"https:\/\/schema.org\/ImageObject\" ><ul class='avia-slideshow-inner ' style='padding-bottom: 24.793388429752%;' ><li  class=' slide-1 ' ><div data-rel='slideshow-1' class='avia-slide-wrap '   ><img class=\"wp-image-3868 avia-img-lazy-loading-not-3868\"  src='http:\/\/moratec.es\/wp-content\/uploads\/2014\/07\/FONDO1-1210x300.jpg' width='1210' height='300' title='FONDO1' alt=''  itemprop=\"thumbnailUrl\"   \/><\/div><\/li><li  class=' slide-2 ' ><div data-rel='slideshow-1' class='avia-slide-wrap '   ><img class=\"wp-image-3871 avia-img-lazy-loading-not-3871\"  src='http:\/\/moratec.es\/wp-content\/uploads\/2014\/07\/FONDO3-1210x300.jpg' width='1210' height='300' title='FONDO3' alt=''  itemprop=\"thumbnailUrl\"   \/><\/div><\/li><li  class=' slide-3 ' ><div data-rel='slideshow-1' class='avia-slide-wrap '   ><img class=\"wp-image-3480 avia-img-lazy-loading-not-3480\"  src='http:\/\/moratec.es\/wp-content\/uploads\/2014\/06\/FONDO41-1210x300.jpg' width='1210' height='300' title='FONDO4' alt=''  itemprop=\"thumbnailUrl\"   \/><\/div><\/li><\/ul><div class='avia-slideshow-arrows avia-slideshow-controls'><a href='#prev' class='prev-slide' aria-hidden='true' data-av_icon='\ue87c' data-av_iconfont='entypo-fontello'>Pr\u00e9c\u00e9dent<\/a><a href='#next' class='next-slide' aria-hidden='true' data-av_icon='\ue87d' data-av_iconfont='entypo-fontello'>Suivant<\/a><\/div><div class='avia-slideshow-dots avia-slideshow-controls'><a href='#1' class='goto-slide active' >1<\/a><a href='#2' class='goto-slide ' >2<\/a><a href='#3' class='goto-slide ' >3<\/a><\/div><\/div><\/div>\n<\/div><\/div><\/div><!-- close content main div --><\/div><\/div><div id='av_section_1'  class='avia-section main_color avia-section-default avia-no-shadow  avia-bg-style-scroll  avia-builder-el-2  el_after_av_one_full  el_before_av_one_third   container_wrap sidebar_right' style='background-color: #ffffff;  '  ><div class='container' ><div class='template-page content  av-content-small alpha units'><div class='post-entry post-entry-type-page post-entry-3719'><div class='entry-content-wrapper clearfix'>\n<div class=\"flex_column av_one_fifth  flex_column_div first  avia-builder-el-3  el_before_av_three_fifth  avia-builder-el-first  \" ><\/div><div class=\"flex_column av_three_fifth  flex_column_div   avia-builder-el-4  el_after_av_one_fifth  el_before_av_one_fifth  \" ><div  style='padding-bottom:15px; color:#939393;font-size:31px;' class='av-special-heading av-special-heading-h3 custom-color-heading blockquote modern-quote modern-centered  avia-builder-el-5  avia-builder-el-no-sibling  av-inherit-size '><h3 class='av-special-heading-tag '  itemprop=\"headline\"  >Industrias MORATEC S.L. est une entreprise sp\u00e9cialis\u00e9e dans la fabrication et l\u2019usinage sur plan de tout type de pi\u00e8ces.<\/h3><div class ='av-subheading av-subheading_below av_custom_color ' style='font-size:19px;'><p>MORATEC garantit la qualit\u00e9 et la pr\u00e9cision du produit final, en s&rsquo;adaptant aux d\u00e9lais exig\u00e9s par le client et en g\u00e9rant int\u00e9gralement tout le processus d&rsquo;usinage.<\/p>\n<\/div><div class='special-heading-border'><div class='special-heading-inner-border' style='border-color:#939393'><\/div><\/div><\/div><\/div><div class=\"flex_column av_one_fifth  flex_column_div   avia-builder-el-6  el_after_av_three_fifth  el_before_av_hr  \" ><\/div><div   class='hr hr-short hr-center   avia-builder-el-7  el_after_av_one_fifth  el_before_av_one_full '><span class='hr-inner ' ><span class='hr-inner-style'><\/span><\/span><\/div>\n<div class=\"flex_column av_one_full  flex_column_div first  avia-builder-el-8  el_after_av_hr  avia-builder-el-last  \" ><\/div>\n<\/div><\/div><\/div><!-- close content main div --><\/div><\/div><div id='after_section_1'  class='main_color av_default_container_wrap container_wrap sidebar_right' style=' '  ><div class='container' ><div class='template-page content  av-content-small alpha units'><div class='post-entry post-entry-type-page post-entry-3719'><div class='entry-content-wrapper clearfix'>\n<div class=\"flex_column av_one_third  flex_column_div first  avia-builder-el-9  el_after_av_section  el_before_av_one_third  avia-builder-el-first  \" ><article  class=\"iconbox iconbox_top main_color    avia-builder-el-10  avia-builder-el-no-sibling  \"  itemscope=\"itemscope\" itemtype=\"https:\/\/schema.org\/CreativeWork\" ><div class=\"iconbox_content\"><header class=\"entry-content-header\"><div class=\"iconbox_icon heading-color\" aria-hidden='true' data-av_icon='\ue857' data-av_iconfont='entypo-fontello'  ><\/div><h3 class='iconbox_content_title  '  itemprop=\"headline\"  >SERVICES: CONCEPTION, PROTOTYPAGE, FABRICATION ET GESTION INTEGRALE<\/h3><\/header><div class='iconbox_content_container  '  itemprop=\"text\"  ><ul>\n<li style=\"text-align: left;\">Usinage de petites s\u00e9ries<\/li>\n<li style=\"text-align: left;\">R\u00e9alisation de prototypes<\/li>\n<li style=\"text-align: left;\">R\u00e9alisation et montage de petits ensembles<\/li>\n<li style=\"text-align: left;\">R\u00e9alisation d&rsquo;ensembles m\u00e9cano-soud\u00e9s.<\/li>\n<li style=\"text-align: left;\">Travaux de soudage pour tout mat\u00e9riau<\/li>\n<li style=\"text-align: left;\">Travaux de pliage<\/li>\n<li style=\"text-align: left;\">Travaux de cisaillage<\/li>\n<\/ul>\n<\/div><\/div><footer class=\"entry-footer\"><\/footer><\/article><\/div>\n<div class=\"flex_column av_one_third  flex_column_div av-zero-column-padding   avia-builder-el-11  el_after_av_one_third  el_before_av_one_third  \" style='border-radius:0px; '><article  class=\"iconbox iconbox_top main_color    avia-builder-el-12  avia-builder-el-no-sibling  \"  itemscope=\"itemscope\" itemtype=\"https:\/\/schema.org\/CreativeWork\" ><div class=\"iconbox_content\"><header class=\"entry-content-header\"><div class=\"iconbox_icon heading-color\" aria-hidden='true' data-av_icon='\ue855' data-av_iconfont='entypo-fontello'  ><\/div><h3 class='iconbox_content_title  '  itemprop=\"headline\"  >MATERIAUX DISPONIBLES POUR USINAGE<\/h3><\/header><div class='iconbox_content_container  '  itemprop=\"text\"  ><ul>\n<li style=\"text-align: left;\">Aciers au carbone<\/li>\n<li style=\"text-align: left;\">Aciers alli\u00e9s<\/li>\n<li style=\"text-align: left;\">Acier fondu<\/li>\n<li style=\"text-align: left;\">Aluminiums<\/li>\n<li style=\"text-align: left;\">Bronzes<\/li>\n<li style=\"text-align: left;\">Nylon<\/li>\n<\/ul>\n<\/div><\/div><footer class=\"entry-footer\"><\/footer><\/article><\/div>\n<div class=\"flex_column av_one_third  flex_column_div av-zero-column-padding   avia-builder-el-13  el_after_av_one_third  avia-builder-el-last  \" style='border-radius:0px; '><article  class=\"iconbox iconbox_top main_color    avia-builder-el-14  avia-builder-el-no-sibling  \"  itemscope=\"itemscope\" itemtype=\"https:\/\/schema.org\/CreativeWork\" ><div class=\"iconbox_content\"><header class=\"entry-content-header\"><div class=\"iconbox_icon heading-color\" aria-hidden='true' data-av_icon='\ue82d' data-av_iconfont='entypo-fontello'  ><\/div><h3 class='iconbox_content_title  '  itemprop=\"headline\"  >CERTIFICAT DE QUALITE<\/h3><\/header><div class='iconbox_content_container  '  itemprop=\"text\"  ><p class=\"p1\" style=\"text-align: left;\">L&rsquo;entreprise s&rsquo;appuie sur un syst\u00e8me de qualit\u00e9 certifi\u00e9 selon la norme ISO 9001:2015 pour son activit\u00e9 d&rsquo;usinage industriel.<\/p>\n<p class=\"p1\" style=\"text-align: left;\">Si vous le souhaitez, vous pouvez t\u00e9l\u00e9charger<a title=\"Certificat de qualit\u00e9\" href=\"http:\/\/moratec.es\/wp-content\/uploads\/2020\/11\/CERTIFICADO2019.pdf\" target=\"_blank\" rel=\"noopener noreferrer\"> ici<\/a> notre certificat de qualit\u00e9 ISO.<\/p>\n<\/div><\/div><footer class=\"entry-footer\"><\/footer><\/article><\/div>\n","protected":false},"excerpt":{"rendered":"","protected":false},"author":2,"featured_media":0,"parent":0,"menu_order":0,"comment_status":"open","ping_status":"open","template":"","meta":[],"yoast_head":"<!-- This site is optimized with the Yoast SEO plugin v15.3 - https:\/\/yoast.com\/wordpress\/plugins\/seo\/ -->\n<title>Moratec S.L. Fabrication et l\u2019usinage sur plan de pi\u00e8ces.<\/title>\n<meta name=\"description\" content=\"Industrias MORATEC S.L. est une entreprise sp\u00e9cialis\u00e9e dans la fabrication et l\u2019usinage sur plan de tout type de pi\u00e8ces.Garantit la qualit\u00e9 et la pr\u00e9cision du produit final.\" \/>\n<meta name=\"robots\" content=\"index, follow, max-snippet:-1, max-image-preview:large, max-video-preview:-1\" \/>\n<link rel=\"canonical\" href=\"http:\/\/moratec.es\/fr\/\" \/>\n<meta property=\"og:locale\" content=\"fr_FR\" \/>\n<meta property=\"og:type\" content=\"article\" \/>\n<meta property=\"og:title\" content=\"Moratec S.L. Fabrication et l\u2019usinage sur plan de pi\u00e8ces.\" \/>\n<meta property=\"og:description\" content=\"Industrias MORATEC S.L. est une entreprise sp\u00e9cialis\u00e9e dans la fabrication et l\u2019usinage sur plan de tout type de pi\u00e8ces.Garantit la qualit\u00e9 et la pr\u00e9cision du produit final.\" \/>\n<meta property=\"og:url\" content=\"http:\/\/moratec.es\/fr\/\" \/>\n<meta property=\"og:site_name\" content=\"Moratec\" \/>\n<meta property=\"article:modified_time\" content=\"2020-11-16T12:36:13+00:00\" \/>\n<meta name=\"twitter:label1\" content=\"\u00c9crit par\">\n\t<meta name=\"twitter:data1\" content=\"moratec2\">\n\t<meta name=\"twitter:label2\" content=\"Dur\u00e9e de lecture est.\">\n\t<meta name=\"twitter:data2\" content=\"2 minutes\">\n<script type=\"application\/ld+json\" class=\"yoast-schema-graph\">{\"@context\":\"https:\/\/schema.org\",\"@graph\":[{\"@type\":\"WebSite\",\"@id\":\"http:\/\/moratec.es\/fr\/#website\",\"url\":\"http:\/\/moratec.es\/fr\/\",\"name\":\"Moratec\",\"description\":\"Industrias MORATEC S.L. es una empresa dedicada a la fabricaci\\u00f3n y mecanizaci\\u00f3n bajo plano de todo tipo de piezas.\",\"potentialAction\":[{\"@type\":\"SearchAction\",\"target\":\"http:\/\/moratec.es\/fr\/?s={search_term_string}\",\"query-input\":\"required name=search_term_string\"}],\"inLanguage\":\"fr-FR\"},{\"@type\":\"WebPage\",\"@id\":\"http:\/\/moratec.es\/fr\/#webpage\",\"url\":\"http:\/\/moratec.es\/fr\/\",\"name\":\"Moratec S.L. Fabrication et l\\u2019usinage sur plan de pi\\u00e8ces.\",\"isPartOf\":{\"@id\":\"http:\/\/moratec.es\/fr\/#website\"},\"datePublished\":\"2014-07-30T18:43:19+00:00\",\"dateModified\":\"2020-11-16T12:36:13+00:00\",\"description\":\"Industrias MORATEC S.L. est une entreprise sp\\u00e9cialis\\u00e9e dans la fabrication et l\\u2019usinage sur plan de tout type de pi\\u00e8ces.Garantit la qualit\\u00e9 et la pr\\u00e9cision du produit final.\",\"inLanguage\":\"fr-FR\",\"potentialAction\":[{\"@type\":\"ReadAction\",\"target\":[\"http:\/\/moratec.es\/fr\/\"]}]}]}<\/script>\n<!-- \/ Yoast SEO plugin. -->","_links":{"self":[{"href":"http:\/\/moratec.es\/fr\/wp-json\/wp\/v2\/pages\/3719"}],"collection":[{"href":"http:\/\/moratec.es\/fr\/wp-json\/wp\/v2\/pages"}],"about":[{"href":"http:\/\/moratec.es\/fr\/wp-json\/wp\/v2\/types\/page"}],"author":[{"embeddable":true,"href":"http:\/\/moratec.es\/fr\/wp-json\/wp\/v2\/users\/2"}],"replies":[{"embeddable":true,"href":"http:\/\/moratec.es\/fr\/wp-json\/wp\/v2\/comments?post=3719"}],"version-history":[{"count":6,"href":"http:\/\/moratec.es\/fr\/wp-json\/wp\/v2\/pages\/3719\/revisions"}],"predecessor-version":[{"id":4167,"href":"http:\/\/moratec.es\/fr\/wp-json\/wp\/v2\/pages\/3719\/revisions\/4167"}],"wp:attachment":[{"href":"http:\/\/moratec.es\/fr\/wp-json\/wp\/v2\/media?parent=3719"}],"curies":[{"name":"wp","href":"https:\/\/api.w.org\/{rel}","templated":true}]}}