{"id":3723,"date":"2014-07-30T20:50:30","date_gmt":"2014-07-30T18:50:30","guid":{"rendered":"http:\/\/moratec.es\/?page_id=3723"},"modified":"2014-10-27T14:01:34","modified_gmt":"2014-10-27T12:01:34","slug":"moyens-de-production","status":"publish","type":"page","link":"http:\/\/moratec.es\/fr\/moyens-de-production\/","title":{"rendered":"Moyens de production"},"content":{"rendered":"<div class=\"flex_column av_one_fifth  flex_column_div first  avia-builder-el-0  el_before_av_three_fifth  avia-builder-el-first  \" ><\/div>\n<div class=\"flex_column av_three_fifth  flex_column_div   avia-builder-el-1  el_after_av_one_fifth  el_before_av_one_fifth  \" ><div  style='padding-bottom:10px; color:#939393;font-size:31px;' class='av-special-heading av-special-heading-h2 custom-color-heading blockquote modern-quote modern-centered  avia-builder-el-2  avia-builder-el-no-sibling  av-inherit-size '><h2 class='av-special-heading-tag '  itemprop=\"headline\"  >Notres machines<\/h2><div class ='av-subheading av-subheading_below av_custom_color ' style='font-size:19px;'><p>Le parc de machines d&rsquo;Industrias MORATEC S.L. est en constant renouvellement. On \u00e9num\u00e8re ci-apr\u00e8s les machines dont dispose l&rsquo;entreprise:<br \/>\n(DIMENSIONS ET CAPACITES MAXIMALES)<\/p>\n<\/div><div class='special-heading-border'><div class='special-heading-inner-border' style='border-color:#939393'><\/div><\/div><\/div><\/div>\n<div class=\"flex_column av_one_fifth  flex_column_div   avia-builder-el-3  el_after_av_three_fifth  el_before_av_hr  \" ><\/div>\n<div   class='hr hr-short hr-center   avia-builder-el-4  el_after_av_one_fifth  el_before_av_gallery '><span class='hr-inner ' ><span class='hr-inner-style'><\/span><\/span><\/div>\n<div  class='avia-gallery  avia-gallery-1 avia_lazyload avia-gallery-animate avia_animate_when_visible  avia-builder-el-5  el_after_av_hr  el_before_av_section  avia-builder-el-last '  itemprop=\"image\" itemscope=\"itemscope\" itemtype=\"https:\/\/schema.org\/ImageObject\" ><div class='avia-gallery-thumb'> <a href='http:\/\/moratec.es\/wp-content\/uploads\/2014\/07\/alcera.jpg' data-rel='gallery-1' data-prev-img='http:\/\/moratec.es\/wp-content\/uploads\/2014\/07\/alcera.jpg' class='first_thumb lightbox ' data-onclick='1' title='Fraiseuse Alcera avec table rotative 360\u00ba et t\u00eate orientable frontale, capacit\u00e9 1200 x 800 x 700 mm'  itemprop=\"thumbnailUrl\"  ><img class=\"wp-image-3398 avia-img-lazy-loading-not-3398\"  data-avia-tooltip='Fraiseuse Alcera avec table rotative 360\u00ba et t\u00eate orientable frontale, capacit\u00e9 1200 x 800 x 700 mm' src='http:\/\/moratec.es\/wp-content\/uploads\/2014\/07\/alcera.jpg' width='320' height='240'  title='alcera' alt='' \/><\/a> <a href='http:\/\/moratec.es\/wp-content\/uploads\/2014\/07\/chiron.jpg' data-rel='gallery-1' data-prev-img='http:\/\/moratec.es\/wp-content\/uploads\/2014\/07\/chiron.jpg' class='lightbox ' data-onclick='2' title='Centre d&rsquo;usinage vertical Chiron FZ 12 W palettis\u00e9 avec table rotative 2 positions, capacit\u00e9 400 x 250 x 250 mm.'  itemprop=\"thumbnailUrl\"  ><img class=\"wp-image-3395 avia-img-lazy-loading-not-3395\"  data-avia-tooltip='Centre d&rsquo;usinage vertical Chiron FZ 12 W palettis\u00e9 avec table rotative 2 positions, capacit\u00e9 400 x 250 x 250 mm.' src='http:\/\/moratec.es\/wp-content\/uploads\/2014\/07\/chiron.jpg' width='320' height='240'  title='chiron' alt='' \/><\/a> <a href='http:\/\/moratec.es\/wp-content\/uploads\/2014\/07\/moriSEIKI_500B.jpg' data-rel='gallery-1' data-prev-img='http:\/\/moratec.es\/wp-content\/uploads\/2014\/07\/moriSEIKI_500B.jpg' class='lightbox ' data-onclick='3' title='Centre d&rsquo;usinage vertical Mori Seiki SV 500 B palettis\u00e9, capacit\u00e9 1000 x 500 x 500 mm.'  itemprop=\"thumbnailUrl\"  ><img class=\"wp-image-3392 avia-img-lazy-loading-not-3392\"  data-avia-tooltip='Centre d&rsquo;usinage vertical Mori Seiki SV 500 B palettis\u00e9, capacit\u00e9 1000 x 500 x 500 mm.' src='http:\/\/moratec.es\/wp-content\/uploads\/2014\/07\/moriSEIKI_500B.jpg' width='320' height='240'  title='moriSEIKI_500B' alt='' \/><\/a> <a href='http:\/\/moratec.es\/wp-content\/uploads\/2014\/07\/TORNOmoriSEIKI.jpg' data-rel='gallery-1' data-prev-img='http:\/\/moratec.es\/wp-content\/uploads\/2014\/07\/TORNOmoriSEIKI.jpg' class='lightbox ' data-onclick='4' title='Tour CNC Mori Seiki SL-250, capacit\u00e9 320 x 950 mm avec une lunette hydraulique de 110 mm de capacit\u00e9.'  itemprop=\"thumbnailUrl\"  ><img class=\"wp-image-3389 avia-img-lazy-loading-not-3389\"  data-avia-tooltip='Tour CNC Mori Seiki SL-250, capacit\u00e9 320 x 950 mm avec une lunette hydraulique de 110 mm de capacit\u00e9.' src='http:\/\/moratec.es\/wp-content\/uploads\/2014\/07\/TORNOmoriSEIKI.jpg' width='320' height='240'  title='TORNOmoriSEIKI' alt='' \/><\/a> <a href='http:\/\/moratec.es\/wp-content\/uploads\/2014\/07\/TORNOmoriSEIKI_400.jpg' data-rel='gallery-1' data-prev-img='http:\/\/moratec.es\/wp-content\/uploads\/2014\/07\/TORNOmoriSEIKI_400.jpg' class='lightbox ' data-onclick='5' title='Tour CNC Mori SEiki SL-400, capacit\u00e9 560 x 800 mm'  itemprop=\"thumbnailUrl\"  ><img class=\"wp-image-3386 avia-img-lazy-loading-not-3386\"  data-avia-tooltip='Tour CNC Mori SEiki SL-400, capacit\u00e9 560 x 800 mm' src='http:\/\/moratec.es\/wp-content\/uploads\/2014\/07\/TORNOmoriSEIKI_400.jpg' width='320' height='240'  title='TORNOmoriSEIKI_400' alt='' \/><\/a> <a href='http:\/\/moratec.es\/wp-content\/uploads\/2014\/07\/moriSEIKI_50_E.jpg' data-rel='gallery-1' data-prev-img='http:\/\/moratec.es\/wp-content\/uploads\/2014\/07\/moriSEIKI_50_E.jpg' class='lightbox ' data-onclick='6' title='Centre d&rsquo;usinage vertical Mori Seiki MV- 50 E, capacit\u00e9 1000 x 500 x 500 mm avec un quatri\u00e8me axe incorpor\u00e9.'  itemprop=\"thumbnailUrl\"  ><img class=\"wp-image-3383 avia-img-lazy-loading-not-3383\"  data-avia-tooltip='Centre d&rsquo;usinage vertical Mori Seiki MV- 50 E, capacit\u00e9 1000 x 500 x 500 mm avec un quatri\u00e8me axe incorpor\u00e9.' src='http:\/\/moratec.es\/wp-content\/uploads\/2014\/07\/moriSEIKI_50_E.jpg' width='320' height='240'  title='moriSEIKI_50_E' alt='' \/><\/a><\/div><\/div>\n<\/div><\/div><\/div><!-- close content main div --><\/div><\/div><div id='av_section_1'  class='avia-section main_color avia-section-large avia-no-shadow  avia-bg-style-parallax  avia-builder-el-6  el_after_av_gallery  avia-builder-el-last   container_wrap sidebar_right' style=' '  ><div class='container' ><div class='template-page content  av-content-small alpha units'><div class='post-entry post-entry-type-page post-entry-3723'><div class='entry-content-wrapper clearfix'>\n<div class=\"flex_column av_one_fifth  flex_column_div first  avia-builder-el-7  el_before_av_three_fifth  avia-builder-el-first  \" ><\/div><div class=\"flex_column av_three_fifth  flex_column_div   avia-builder-el-8  el_after_av_one_fifth  el_before_av_one_fifth  \" ><div  style='padding-bottom:10px; color:#939393;font-size:31px;' class='av-special-heading av-special-heading-h2 custom-color-heading blockquote modern-quote modern-centered  avia-builder-el-9  avia-builder-el-no-sibling  av-inherit-size '><h2 class='av-special-heading-tag '  itemprop=\"headline\"  >Autres travaux compl\u00e9mentaires<\/h2><div class='special-heading-border'><div class='special-heading-inner-border' style='border-color:#939393'><\/div><\/div><\/div><\/div><div class=\"flex_column av_one_fifth  flex_column_div   avia-builder-el-10  el_after_av_three_fifth  el_before_av_hr  \" ><\/div><div   class='hr hr-short hr-center   avia-builder-el-11  el_after_av_one_fifth  el_before_av_one_fifth '><span class='hr-inner ' ><span class='hr-inner-style'><\/span><\/span><\/div>\n<div class=\"flex_column av_one_fifth  flex_column_div first  avia-builder-el-12  el_after_av_hr  el_before_av_three_fifth  \" ><\/div><div class=\"flex_column av_three_fifth  flex_column_div   avia-builder-el-13  el_after_av_one_fifth  el_before_av_one_fifth  \" ><div   class=\"togglecontainer   toggle_close_all  avia-builder-el-14  avia-builder-el-no-sibling \" >\n<section class=\"av_toggle_section\"  itemscope=\"itemscope\" itemtype=\"https:\/\/schema.org\/CreativeWork\"  >    <div role=\"tablist\" class=\"single_toggle\" data-tags=\"{Tout} \"  >        <p data-fake-id=\"#toggle-id-1\" class=\"toggler activeTitle\"  itemprop=\"headline\"    role=\"tab\" tabindex=\"0\" aria-controls=\"toggle-id-1\"> Soudage<span class=\"toggle_icon\" >        <span class=\"vert_icon\"><\/span><span class=\"hor_icon\"><\/span><\/span><\/p>        <div id=\"toggle-id-1\" class=\"toggle_wrap active_tc\"  style='display:block;' >            <div class=\"toggle_content invers-color \"  itemprop=\"text\"   ><p class=\"p1\">Sp\u00e9cialis\u00e9e en soudage TIG, MIG et \u00e0 l&rsquo;\u00e9lectrode pour tout mat\u00e9riau (acier, inox, aluminium, cuivre, etc.).<\/p>\n<ul>\n<li>Proc\u00e9d\u00e9 TIG, tant en courant continu qu&rsquo;alternatif, valides pour la soudure discr\u00e8te \u00e0 l&rsquo;acier au carbone, inox et aluminium.<\/li>\n<li>Proc\u00e9d\u00e9 MIG-MAG \u00e0 l&rsquo;arc puls\u00e9 avec possibilit\u00e9 de souder l&rsquo;aluminium et ses alliages.<\/li>\n<li>Soudage par points pour petites \u00e9paisseurs (3+3) en acier au carbone et inox.<\/li>\n<\/ul>\n            <\/div>        <\/div>    <\/div><\/section>\n<section class=\"av_toggle_section\"  itemscope=\"itemscope\" itemtype=\"https:\/\/schema.org\/CreativeWork\"  >    <div role=\"tablist\" class=\"single_toggle\" data-tags=\"{Tout} \"  >        <p data-fake-id=\"#toggle-id-2\" class=\"toggler \"  itemprop=\"headline\"    role=\"tab\" tabindex=\"0\" aria-controls=\"toggle-id-2\">Pliage<span class=\"toggle_icon\" >        <span class=\"vert_icon\"><\/span><span class=\"hor_icon\"><\/span><\/span><\/p>        <div id=\"toggle-id-2\" class=\"toggle_wrap \"   >            <div class=\"toggle_content invers-color \"  itemprop=\"text\"   ><ul>\n<li>\n<p class=\"p1\">Presse-plieuse CNC de 3,10 m de longueur utile et force de 130 tonnes. Gr\u00e2ce aux 4 axes dont elle dispose et aux poin\u00e7ons fractionn\u00e9s, il est possible de r\u00e9aliser la quasi-totalit\u00e9 des pliages demand\u00e9s par nos clients.<\/p>\n<\/li>\n<li>\n<p class=\"p1\">Etude d&rsquo;outils sp\u00e9ciaux \u00e0 la demande du client.<\/p>\n<\/li>\n<\/ul>\n            <\/div>        <\/div>    <\/div><\/section>\n<section class=\"av_toggle_section\"  itemscope=\"itemscope\" itemtype=\"https:\/\/schema.org\/CreativeWork\"  >    <div role=\"tablist\" class=\"single_toggle\" data-tags=\"{Tout} \"  >        <p data-fake-id=\"#toggle-id-3\" class=\"toggler \"  itemprop=\"headline\"    role=\"tab\" tabindex=\"0\" aria-controls=\"toggle-id-3\">Cisaillage<span class=\"toggle_icon\" >        <span class=\"vert_icon\"><\/span><span class=\"hor_icon\"><\/span><\/span><\/p>        <div id=\"toggle-id-3\" class=\"toggle_wrap \"   >            <div class=\"toggle_content invers-color \"  itemprop=\"text\"   ><ul>\n<li>\n<p class=\"p1\">Cisaille \u00e0 t\u00f4le jusqu&rsquo;\u00e0 6 mm sur une longueur de 3000 mm.<\/p>\n<\/li>\n<\/ul>\n            <\/div>        <\/div>    <\/div><\/section>\n<\/div><\/div><div class=\"flex_column av_one_fifth  flex_column_div   avia-builder-el-15  el_after_av_three_fifth  avia-builder-el-last  \" ><\/div>\n<\/div><\/div><\/div><!-- close content main div --><\/div><\/div><div id='after_section_1'  class='main_color av_default_container_wrap container_wrap sidebar_right' style=' '  ><div class='container' ><div class='template-page content  av-content-small alpha units'><div class='post-entry post-entry-type-page post-entry-3723'><div class='entry-content-wrapper clearfix'>\n","protected":false},"excerpt":{"rendered":"","protected":false},"author":2,"featured_media":0,"parent":0,"menu_order":0,"comment_status":"open","ping_status":"open","template":"","meta":[],"yoast_head":"<!-- This site is optimized with the Yoast SEO plugin v15.3 - https:\/\/yoast.com\/wordpress\/plugins\/seo\/ -->\n<title>Moratec S.L. Machines pour l\u2019usinage de pi\u00e8ces.<\/title>\n<meta name=\"description\" content=\"Machines pour le soudage, pliage et cisaillage de pi\u00e8ces.\" \/>\n<meta name=\"robots\" content=\"index, follow, max-snippet:-1, max-image-preview:large, max-video-preview:-1\" \/>\n<link rel=\"canonical\" href=\"http:\/\/moratec.es\/fr\/moyens-de-production\/\" \/>\n<meta property=\"og:locale\" content=\"fr_FR\" \/>\n<meta property=\"og:type\" content=\"article\" \/>\n<meta property=\"og:title\" content=\"Moratec S.L. Machines pour l\u2019usinage de pi\u00e8ces.\" \/>\n<meta property=\"og:description\" content=\"Machines pour le soudage, pliage et cisaillage de pi\u00e8ces.\" \/>\n<meta property=\"og:url\" content=\"http:\/\/moratec.es\/fr\/moyens-de-production\/\" \/>\n<meta property=\"og:site_name\" content=\"Moratec\" \/>\n<meta property=\"article:modified_time\" content=\"2014-10-27T12:01:34+00:00\" \/>\n<meta name=\"twitter:label1\" content=\"\u00c9crit par\">\n\t<meta name=\"twitter:data1\" content=\"moratec2\">\n\t<meta name=\"twitter:label2\" content=\"Dur\u00e9e de lecture est.\">\n\t<meta name=\"twitter:data2\" content=\"2 minutes\">\n<script type=\"application\/ld+json\" class=\"yoast-schema-graph\">{\"@context\":\"https:\/\/schema.org\",\"@graph\":[{\"@type\":\"WebSite\",\"@id\":\"http:\/\/moratec.es\/fr\/#website\",\"url\":\"http:\/\/moratec.es\/fr\/\",\"name\":\"Moratec\",\"description\":\"Industrias MORATEC S.L. es una empresa dedicada a la fabricaci\\u00f3n y mecanizaci\\u00f3n bajo plano de todo tipo de piezas.\",\"potentialAction\":[{\"@type\":\"SearchAction\",\"target\":\"http:\/\/moratec.es\/fr\/?s={search_term_string}\",\"query-input\":\"required name=search_term_string\"}],\"inLanguage\":\"fr-FR\"},{\"@type\":\"WebPage\",\"@id\":\"http:\/\/moratec.es\/fr\/moyens-de-production\/#webpage\",\"url\":\"http:\/\/moratec.es\/fr\/moyens-de-production\/\",\"name\":\"Moratec S.L. Machines pour l\\u2019usinage de pi\\u00e8ces.\",\"isPartOf\":{\"@id\":\"http:\/\/moratec.es\/fr\/#website\"},\"datePublished\":\"2014-07-30T18:50:30+00:00\",\"dateModified\":\"2014-10-27T12:01:34+00:00\",\"description\":\"Machines pour le soudage, pliage et cisaillage de pi\\u00e8ces.\",\"inLanguage\":\"fr-FR\",\"potentialAction\":[{\"@type\":\"ReadAction\",\"target\":[\"http:\/\/moratec.es\/fr\/moyens-de-production\/\"]}]}]}<\/script>\n<!-- \/ Yoast SEO plugin. -->","_links":{"self":[{"href":"http:\/\/moratec.es\/fr\/wp-json\/wp\/v2\/pages\/3723"}],"collection":[{"href":"http:\/\/moratec.es\/fr\/wp-json\/wp\/v2\/pages"}],"about":[{"href":"http:\/\/moratec.es\/fr\/wp-json\/wp\/v2\/types\/page"}],"author":[{"embeddable":true,"href":"http:\/\/moratec.es\/fr\/wp-json\/wp\/v2\/users\/2"}],"replies":[{"embeddable":true,"href":"http:\/\/moratec.es\/fr\/wp-json\/wp\/v2\/comments?post=3723"}],"version-history":[{"count":2,"href":"http:\/\/moratec.es\/fr\/wp-json\/wp\/v2\/pages\/3723\/revisions"}],"predecessor-version":[{"id":3899,"href":"http:\/\/moratec.es\/fr\/wp-json\/wp\/v2\/pages\/3723\/revisions\/3899"}],"wp:attachment":[{"href":"http:\/\/moratec.es\/fr\/wp-json\/wp\/v2\/media?parent=3723"}],"curies":[{"name":"wp","href":"https:\/\/api.w.org\/{rel}","templated":true}]}}